{"id":85465,"date":"2024-09-25T14:28:51","date_gmt":"2024-09-25T12:28:55","guid":{"rendered":"https:\/\/szoltandfrog.com\/?post_type=product&#038;p=85465"},"modified":"2024-10-14T15:52:40","modified_gmt":"2024-10-14T13:52:40","slug":"bourez-ethnischer-ledergurtel-copia-copia-copia","status":"publish","type":"product","link":"https:\/\/szoltandfrog.com\/de\/accesorios\/bourez-ethnischer-ledergurtel-copia-copia-copia\/","title":{"rendered":"Krabi Lederg\u00fcrtel"},"content":{"rendered":"<p><img decoding=\"async\" class=\"alignnone wp-image-12467\" src=\"https:\/\/szoltandfrog.com\/wp-content\/uploads\/2019\/06\/spanish-flah.jpg\" alt=\"\" width=\"20\" height=\"16\"> Ethnischer gr\u00fcner Lederg\u00fcrtel f\u00fcr M\u00e4nner und Frauen, mit gestreiftem Stoff: &#8211; Spezielle Stoffe aus aller Welt &#8211; Handgefertigt in Spanien &#8211; 100% hochwertiges Leder &#8211; Erh\u00e4ltlich in Gr\u00f6\u00dfe 85 (Hosengr\u00f6\u00dfe 38-40), Gr\u00f6\u00dfe 90 (Hosengr\u00f6\u00dfe 42-44) oder in 95 (Hosengr\u00f6\u00dfe 46-48-50)<\/p>\n","protected":false},"excerpt":{"rendered":"<p><img decoding=\"async\" class=\"alignnone wp-image-12467\" src=\"https:\/\/szoltandfrog.com\/wp-content\/uploads\/2019\/06\/spanish-flah.jpg\" alt=\"\" width=\"20\" height=\"16\"> Ethnischer gr\u00fcner Lederg\u00fcrtel f\u00fcr M\u00e4nner und Frauen, mit gestreiftem Stoff: &#8211; Spezielle Stoffe aus aller Welt &#8211; Handgefertigt in Spanien &#8211; 100% hochwertiges Leder &#8211; Erh\u00e4ltlich in Gr\u00f6\u00dfe 85 (Hosengr\u00f6\u00dfe 38-40), Gr\u00f6\u00dfe 90 (Hosengr\u00f6\u00dfe 42-44) oder in 95 (Hosengr\u00f6\u00dfe 46-48-50)<\/p>\n","protected":false},"featured_media":86111,"template":"","meta":[],"product_cat":[5551,5082,5081],"product_tag":[],"class_list":{"0":"post-85465","1":"product","2":"type-product","3":"status-publish","4":"has-post-thumbnail","6":"product_cat-aw25-de","7":"product_cat-erganzungen","8":"product_cat-gurtel-de","10":"first","11":"instock","12":"taxable","13":"shipping-taxable","14":"purchasable","15":"product-type-variable","16":"has-default-attributes","17":"wvs-archive-product-wrapper"},"_links":{"self":[{"href":"https:\/\/szoltandfrog.com\/de\/wp-json\/wp\/v2\/product\/85465","targetHints":{"allow":["GET"]}}],"collection":[{"href":"https:\/\/szoltandfrog.com\/de\/wp-json\/wp\/v2\/product"}],"about":[{"href":"https:\/\/szoltandfrog.com\/de\/wp-json\/wp\/v2\/types\/product"}],"version-history":[{"count":0,"href":"https:\/\/szoltandfrog.com\/de\/wp-json\/wp\/v2\/product\/85465\/revisions"}],"wp:featuredmedia":[{"embeddable":true,"href":"https:\/\/szoltandfrog.com\/de\/wp-json\/wp\/v2\/media\/86111"}],"wp:attachment":[{"href":"https:\/\/szoltandfrog.com\/de\/wp-json\/wp\/v2\/media?parent=85465"}],"wp:term":[{"taxonomy":"product_cat","embeddable":true,"href":"https:\/\/szoltandfrog.com\/de\/wp-json\/wp\/v2\/product_cat?post=85465"},{"taxonomy":"product_tag","embeddable":true,"href":"https:\/\/szoltandfrog.com\/de\/wp-json\/wp\/v2\/product_tag?post=85465"}],"curies":[{"name":"wp","href":"https:\/\/api.w.org\/{rel}","templated":true}]}}