{"id":85344,"date":"2024-09-25T07:20:21","date_gmt":"2024-09-25T05:20:23","guid":{"rendered":"https:\/\/szoltandfrog.com\/?post_type=product&#038;p=85344"},"modified":"2024-09-29T10:59:16","modified_gmt":"2024-09-29T08:59:16","slug":"meer-socken-manner-copia-copia-copia-2","status":"publish","type":"product","link":"https:\/\/szoltandfrog.com\/de\/accesorios\/calcetines\/meer-socken-manner-copia-copia-copia-2\/","title":{"rendered":"Surf Socken"},"content":{"rendered":"<p>Witzige Socken mit originellen und modernen Designs, mit dem Sz\u00f6lt&amp;Frog-Label. Entworfen in Spanien und hergestellt von unseren Nachbarn in Portugal. Dieses Mal haben wir Socken mit Fahrradmotiven f\u00fcr M\u00e4nner. Kreieren Sie Trends mit Ihren F\u00fc\u00dfen&#8230; &#8211; Halbrunde Socken &#8211; Hergestellt in Portugal &#8211; 80% Baumwolle, 18% Polyamid, 2% Elasthan<\/p>\n","protected":false},"excerpt":{"rendered":"<p>Witzige Socken mit originellen und modernen Designs, mit dem Sz\u00f6lt&amp;Frog-Label. Entworfen in Spanien und hergestellt von unseren Nachbarn in Portugal. Dieses Mal haben wir Socken mit Fahrradmotiven f\u00fcr M\u00e4nner. Kreieren Sie Trends mit Ihren F\u00fc\u00dfen&#8230; &#8211; Halbrunde Socken &#8211; Hergestellt in Portugal &#8211; 80% Baumwolle, 18% Polyamid, 2% Elasthan<\/p>\n","protected":false},"featured_media":85261,"template":"","meta":[],"product_cat":[5312,5082,4944],"product_tag":[],"class_list":{"0":"post-85344","1":"product","2":"type-product","3":"status-publish","4":"has-post-thumbnail","6":"product_cat-aw24-de","7":"product_cat-erganzungen","8":"product_cat-socken","10":"first","11":"instock","12":"taxable","13":"shipping-taxable","14":"purchasable","15":"product-type-simple"},"_links":{"self":[{"href":"https:\/\/szoltandfrog.com\/de\/wp-json\/wp\/v2\/product\/85344","targetHints":{"allow":["GET"]}}],"collection":[{"href":"https:\/\/szoltandfrog.com\/de\/wp-json\/wp\/v2\/product"}],"about":[{"href":"https:\/\/szoltandfrog.com\/de\/wp-json\/wp\/v2\/types\/product"}],"version-history":[{"count":0,"href":"https:\/\/szoltandfrog.com\/de\/wp-json\/wp\/v2\/product\/85344\/revisions"}],"wp:featuredmedia":[{"embeddable":true,"href":"https:\/\/szoltandfrog.com\/de\/wp-json\/wp\/v2\/media\/85261"}],"wp:attachment":[{"href":"https:\/\/szoltandfrog.com\/de\/wp-json\/wp\/v2\/media?parent=85344"}],"wp:term":[{"taxonomy":"product_cat","embeddable":true,"href":"https:\/\/szoltandfrog.com\/de\/wp-json\/wp\/v2\/product_cat?post=85344"},{"taxonomy":"product_tag","embeddable":true,"href":"https:\/\/szoltandfrog.com\/de\/wp-json\/wp\/v2\/product_tag?post=85344"}],"curies":[{"name":"wp","href":"https:\/\/api.w.org\/{rel}","templated":true}]}}