{"id":84461,"date":"2024-09-13T10:11:44","date_gmt":"2024-09-13T10:56:02","guid":{"rendered":"https:\/\/szoltandfrog.com\/producto\/unkategorisiert\/eule-sweatshirt\/"},"modified":"2026-03-25T22:28:06","modified_gmt":"2026-03-25T21:28:06","slug":"eule-sweatshirt","status":"publish","type":"product","link":"https:\/\/szoltandfrog.com\/de\/aw24-de\/eule-sweatshirt\/","title":{"rendered":"Eule Sweatshirt"},"content":{"rendered":"<p>Tief in der Nacht, w\u00e4hrend die Welt schl\u00e4ft, wacht die Eule lautlos, weise und gelassen.<br \/>\nUnser Sweatshirt mit Eulenmotiv ist viel mehr als nur ein Kleidungsst\u00fcck. Es ist eine Hommage an die Weisheit und eine tiefe Verbundenheit mit der Natur, selbst inmitten des st\u00e4dtischen Chaos.   <\/p>\n<hr>\n<p>  Made in Portugal &#8211; T-Shirt mit Tasche &#8211; 100% Bio-Baumwolle &#8211; Gewicht 350 Gramm &#8211; W\u00e4hrend des Herstellungsprozesses gewaschen (um sp\u00e4teres Einlaufen zu vermeiden) &#8211; Sweatshirt mit Aufdruck &#8211; Tier &#8211; Unisex<\/p>\n","protected":false},"excerpt":{"rendered":"<p>Tief in der Nacht, w\u00e4hrend die Welt schl\u00e4ft, wacht die Eule lautlos, weise und gelassen. Unser Sweatshirt mit Eulenmotiv ist viel mehr als nur ein Kleidungsst\u00fcck. Es ist eine Hommage an die Weisheit und eine tiefe Verbundenheit mit der Natur, selbst inmitten des st\u00e4dtischen Chaos. Made in Portugal &#8211; T-Shirt mit Tasche &#8211; 100% Bio-Baumwolle [&hellip;]<\/p>\n","protected":false},"featured_media":86752,"template":"","meta":[],"product_cat":[5312,4945,4967],"product_tag":[],"class_list":{"0":"post-84461","1":"product","2":"type-product","3":"status-publish","4":"has-post-thumbnail","6":"product_cat-aw24-de","7":"product_cat-kleidung","8":"product_cat-sweatshirts-de","10":"first","11":"instock","12":"taxable","13":"shipping-taxable","14":"purchasable","15":"product-type-variable","16":"has-default-attributes","17":"wvs-archive-product-wrapper"},"_links":{"self":[{"href":"https:\/\/szoltandfrog.com\/de\/wp-json\/wp\/v2\/product\/84461","targetHints":{"allow":["GET"]}}],"collection":[{"href":"https:\/\/szoltandfrog.com\/de\/wp-json\/wp\/v2\/product"}],"about":[{"href":"https:\/\/szoltandfrog.com\/de\/wp-json\/wp\/v2\/types\/product"}],"version-history":[{"count":0,"href":"https:\/\/szoltandfrog.com\/de\/wp-json\/wp\/v2\/product\/84461\/revisions"}],"wp:featuredmedia":[{"embeddable":true,"href":"https:\/\/szoltandfrog.com\/de\/wp-json\/wp\/v2\/media\/86752"}],"wp:attachment":[{"href":"https:\/\/szoltandfrog.com\/de\/wp-json\/wp\/v2\/media?parent=84461"}],"wp:term":[{"taxonomy":"product_cat","embeddable":true,"href":"https:\/\/szoltandfrog.com\/de\/wp-json\/wp\/v2\/product_cat?post=84461"},{"taxonomy":"product_tag","embeddable":true,"href":"https:\/\/szoltandfrog.com\/de\/wp-json\/wp\/v2\/product_tag?post=84461"}],"curies":[{"name":"wp","href":"https:\/\/api.w.org\/{rel}","templated":true}]}}