{"id":84193,"date":"2024-09-13T10:12:12","date_gmt":"2024-09-13T08:12:12","guid":{"rendered":"https:\/\/szoltandfrog.com\/producto\/sin%20categor\u00eda\/camiseta-wolf-kids\/"},"modified":"2026-04-04T15:09:42","modified_gmt":"2026-04-04T13:09:42","slug":"camiseta-wolf-kids","status":"publish","type":"product","link":"https:\/\/szoltandfrog.com\/ropa\/kids\/camiseta-wolf-kids\/","title":{"rendered":"Camiseta Wolf Kids"},"content":{"rendered":"<p>Camiseta para ni\u00f1os<\/p>\n<p>En medio del bullicio urbano, un bosque de cemento intenta moldearte, pero en lo m\u00e1s profundo de tu ser late un coraz\u00f3n salvaje. Este lobo, estampado sobre un tejido de algod\u00f3n 100% org\u00e1nico, es un recordatorio de que nunca debes perder tu esencia.<\/p>\n<p>KEEP NATURE WILD, s\u00e9 el lobo que habita dentro de ti.<\/p>\n<hr \/>\n<p>Fabricada en Portugal &#8211; Sudadera con bolsillo \u2013 100% Algod\u00f3n Org\u00e1nico \u2013 Peso 170 gramos \u2013 Prenda lavada durante proceso de fabricaci\u00f3n (para evitar que encoja posteriormente) \u2013 Sudadera con estampado \u2013 Animal<\/p>\n","protected":false},"excerpt":{"rendered":"<p>Camiseta para ni\u00f1os En medio del bullicio urbano, un bosque de cemento intenta moldearte, pero en lo m\u00e1s profundo de tu ser late un coraz\u00f3n salvaje. Este lobo, estampado sobre un tejido de algod\u00f3n 100% org\u00e1nico, es un recordatorio de que nunca debes perder tu esencia. KEEP NATURE WILD, s\u00e9 el lobo que habita dentro [&hellip;]<\/p>\n","protected":false},"featured_media":86664,"template":"","meta":[],"product_cat":[5303,271,5090],"product_tag":[],"class_list":{"0":"post-84193","1":"product","2":"type-product","3":"status-publish","4":"has-post-thumbnail","6":"product_cat-aw24","7":"product_cat-ropa","8":"product_cat-kids","10":"first","11":"instock","12":"taxable","13":"shipping-taxable","14":"purchasable","15":"product-type-variable","16":"has-default-attributes","17":"wvs-archive-product-wrapper"},"_links":{"self":[{"href":"https:\/\/szoltandfrog.com\/de\/wp-json\/wp\/v2\/product\/84193","targetHints":{"allow":["GET"]}}],"collection":[{"href":"https:\/\/szoltandfrog.com\/de\/wp-json\/wp\/v2\/product"}],"about":[{"href":"https:\/\/szoltandfrog.com\/de\/wp-json\/wp\/v2\/types\/product"}],"version-history":[{"count":1,"href":"https:\/\/szoltandfrog.com\/de\/wp-json\/wp\/v2\/product\/84193\/revisions"}],"predecessor-version":[{"id":89867,"href":"https:\/\/szoltandfrog.com\/de\/wp-json\/wp\/v2\/product\/84193\/revisions\/89867"}],"wp:featuredmedia":[{"embeddable":true,"href":"https:\/\/szoltandfrog.com\/de\/wp-json\/wp\/v2\/media\/86664"}],"wp:attachment":[{"href":"https:\/\/szoltandfrog.com\/de\/wp-json\/wp\/v2\/media?parent=84193"}],"wp:term":[{"taxonomy":"product_cat","embeddable":true,"href":"https:\/\/szoltandfrog.com\/de\/wp-json\/wp\/v2\/product_cat?post=84193"},{"taxonomy":"product_tag","embeddable":true,"href":"https:\/\/szoltandfrog.com\/de\/wp-json\/wp\/v2\/product_tag?post=84193"}],"curies":[{"name":"wp","href":"https:\/\/api.w.org\/{rel}","templated":true}]}}