{"id":76994,"date":"2024-02-28T18:48:49","date_gmt":"2024-04-11T10:58:31","guid":{"rendered":"https:\/\/szoltandfrog.com\/unkategorisiert\/palawan-t-shirt\/"},"modified":"2025-05-02T19:38:22","modified_gmt":"2025-05-02T17:38:22","slug":"palawan-t-shirt","status":"publish","type":"product","link":"https:\/\/szoltandfrog.com\/de\/kleidung\/palawan-t-shirt\/","title":{"rendered":"Palawan-T-Shirt"},"content":{"rendered":"<p>Kristallklares Wasser, paradiesische Str\u00e4nde, r\u00e4tselhafte Wasserf\u00e4lle und W\u00e4lder<br \/>\ntropisch. Die Sonne geht in der Ferne unter und erzeugt einen bewundernswerten optischen Effekt.<br \/>\nPalawan ist nicht nur ein Reiseziel, sondern ein Geisteszustand. Dieses T-Shirt ist das<br \/>\nwahre Darstellung. Bekommen Sie einen Eindruck davon, wie es ist, in einer<br \/>\ndas Paradies auf Erden, indem man es einfach tr\u00e4gt.<\/p>\n<hr>\n<p>T-Shirt mit Tasche &#8211; 100% Bio-Baumwolle &#8211; Gewicht 170 Gramm &#8211; W\u00e4hrend des Herstellungsprozesses gewaschen (um sp\u00e4teres Einlaufen zu vermeiden)<\/p>\n","protected":false},"excerpt":{"rendered":"<p>Kristallklares Wasser, paradiesische Str\u00e4nde, r\u00e4tselhafte Wasserf\u00e4lle und W\u00e4lder tropisch. Die Sonne geht in der Ferne unter und erzeugt einen bewundernswerten optischen Effekt. Palawan ist nicht nur ein Reiseziel, sondern ein Geisteszustand. Dieses T-Shirt ist das wahre Darstellung. Bekommen Sie einen Eindruck davon, wie es ist, in einer das Paradies auf Erden, indem man es einfach [&hellip;]<\/p>\n","protected":false},"featured_media":80400,"template":"","meta":[],"product_cat":[4945,5116,5300],"product_tag":[],"class_list":{"0":"post-76994","1":"product","2":"type-product","3":"status-publish","4":"has-post-thumbnail","6":"product_cat-kleidung","7":"product_cat-t-shirts-mit-taschen","8":"product_cat-ss24-de","10":"first","11":"instock","12":"taxable","13":"shipping-taxable","14":"purchasable","15":"product-type-variable","16":"has-default-attributes","17":"wvs-archive-product-wrapper"},"_links":{"self":[{"href":"https:\/\/szoltandfrog.com\/de\/wp-json\/wp\/v2\/product\/76994","targetHints":{"allow":["GET"]}}],"collection":[{"href":"https:\/\/szoltandfrog.com\/de\/wp-json\/wp\/v2\/product"}],"about":[{"href":"https:\/\/szoltandfrog.com\/de\/wp-json\/wp\/v2\/types\/product"}],"version-history":[{"count":0,"href":"https:\/\/szoltandfrog.com\/de\/wp-json\/wp\/v2\/product\/76994\/revisions"}],"wp:featuredmedia":[{"embeddable":true,"href":"https:\/\/szoltandfrog.com\/de\/wp-json\/wp\/v2\/media\/80400"}],"wp:attachment":[{"href":"https:\/\/szoltandfrog.com\/de\/wp-json\/wp\/v2\/media?parent=76994"}],"wp:term":[{"taxonomy":"product_cat","embeddable":true,"href":"https:\/\/szoltandfrog.com\/de\/wp-json\/wp\/v2\/product_cat?post=76994"},{"taxonomy":"product_tag","embeddable":true,"href":"https:\/\/szoltandfrog.com\/de\/wp-json\/wp\/v2\/product_tag?post=76994"}],"curies":[{"name":"wp","href":"https:\/\/api.w.org\/{rel}","templated":true}]}}