{"id":76940,"date":"2024-02-28T18:48:56","date_gmt":"2024-04-11T10:52:27","guid":{"rendered":"https:\/\/szoltandfrog.com\/unkategorisiert\/miyako-t-shirt\/"},"modified":"2024-12-03T22:49:37","modified_gmt":"2024-12-03T21:49:37","slug":"miyako-t-shirt","status":"publish","type":"product","link":"https:\/\/szoltandfrog.com\/de\/kleidung\/miyako-t-shirt\/","title":{"rendered":"Miyako-T-Shirt"},"content":{"rendered":"<p>Im Herzen der Miyako-Inseln wird die Essenz dieses T-Shirts geboren.<br \/>\nInspiriert von der Frische des Meeres und seinen kilometerlangen Sandstr\u00e4nden<br \/>\nwei\u00df. Es ist die reine Darstellung der Freiheit und der Energie, die geatmet wird.<br \/>\nauf den Inseln. Nehmen Sie ein St\u00fcck von diesem Paradies mit und teilen Sie seinen Charme.<br \/>\nmit dem Rest der Welt.<\/p>\n<hr>\n<p>T-Shirt mit Tasche &#8211; 100% Bio-Baumwolle &#8211; Gewicht 170 Gramm &#8211; W\u00e4hrend des Herstellungsprozesses gewaschen (um sp\u00e4teres Einlaufen zu vermeiden)<\/p>\n","protected":false},"excerpt":{"rendered":"<p>Im Herzen der Miyako-Inseln wird die Essenz dieses T-Shirts geboren. Inspiriert von der Frische des Meeres und seinen kilometerlangen Sandstr\u00e4nden wei\u00df. Es ist die reine Darstellung der Freiheit und der Energie, die geatmet wird. auf den Inseln. Nehmen Sie ein St\u00fcck von diesem Paradies mit und teilen Sie seinen Charme. mit dem Rest der Welt. [&hellip;]<\/p>\n","protected":false},"featured_media":80418,"template":"","meta":[],"product_cat":[4945,5116,5134,5300],"product_tag":[],"class_list":{"0":"post-76940","1":"product","2":"type-product","3":"status-publish","4":"has-post-thumbnail","6":"product_cat-kleidung","7":"product_cat-t-shirts-mit-taschen","8":"product_cat-auslass","9":"product_cat-ss24-de","11":"first","12":"outofstock","13":"taxable","14":"shipping-taxable","15":"product-type-variable","16":"has-default-attributes","17":"wvs-archive-product-wrapper"},"_links":{"self":[{"href":"https:\/\/szoltandfrog.com\/de\/wp-json\/wp\/v2\/product\/76940","targetHints":{"allow":["GET"]}}],"collection":[{"href":"https:\/\/szoltandfrog.com\/de\/wp-json\/wp\/v2\/product"}],"about":[{"href":"https:\/\/szoltandfrog.com\/de\/wp-json\/wp\/v2\/types\/product"}],"version-history":[{"count":0,"href":"https:\/\/szoltandfrog.com\/de\/wp-json\/wp\/v2\/product\/76940\/revisions"}],"wp:featuredmedia":[{"embeddable":true,"href":"https:\/\/szoltandfrog.com\/de\/wp-json\/wp\/v2\/media\/80418"}],"wp:attachment":[{"href":"https:\/\/szoltandfrog.com\/de\/wp-json\/wp\/v2\/media?parent=76940"}],"wp:term":[{"taxonomy":"product_cat","embeddable":true,"href":"https:\/\/szoltandfrog.com\/de\/wp-json\/wp\/v2\/product_cat?post=76940"},{"taxonomy":"product_tag","embeddable":true,"href":"https:\/\/szoltandfrog.com\/de\/wp-json\/wp\/v2\/product_tag?post=76940"}],"curies":[{"name":"wp","href":"https:\/\/api.w.org\/{rel}","templated":true}]}}