{"id":76892,"date":"2024-02-28T18:48:53","date_gmt":"2024-04-11T10:46:38","guid":{"rendered":"https:\/\/szoltandfrog.com\/unkategorisiert\/phi-t-shirt\/"},"modified":"2026-02-27T14:57:06","modified_gmt":"2026-02-27T13:57:06","slug":"phi-t-shirt","status":"publish","type":"product","link":"https:\/\/szoltandfrog.com\/de\/kleidung\/phi-t-shirt\/","title":{"rendered":"Phi-T-Shirt"},"content":{"rendered":"<p>Es gibt Momente, die Sie nie vergessen werden, wie die Farbe des t\u00fcrkisfarbenen Wassers.<br \/>\ndie die K\u00fcsten dieses Archipels umgeben. Das Gef\u00fchl der Ruhe, wenn<br \/>\nin sie einzutauchen, ist unbeschreiblich. Entdecken Sie die perfekte Harmonie zwischen Ihrem<br \/>\nK\u00f6rper und Umwelt. Kleiden Sie sich mit der Essenz von Phi Phi und leben Sie die<br \/>\nAbenteuer ohne Grenzen.<\/p>\n<hr>\n<p>T-Shirt mit Tasche &#8211; 100% Bio-Baumwolle &#8211; Gewicht 170 Gramm &#8211; W\u00e4hrend des Herstellungsprozesses gewaschen (um sp\u00e4teres Einlaufen zu vermeiden)<\/p>\n","protected":false},"excerpt":{"rendered":"<p>Es gibt Momente, die Sie nie vergessen werden, wie die Farbe des t\u00fcrkisfarbenen Wassers. die die K\u00fcsten dieses Archipels umgeben. Das Gef\u00fchl der Ruhe, wenn in sie einzutauchen, ist unbeschreiblich. Entdecken Sie die perfekte Harmonie zwischen Ihrem K\u00f6rper und Umwelt. Kleiden Sie sich mit der Essenz von Phi Phi und leben Sie die Abenteuer ohne [&hellip;]<\/p>\n","protected":false},"featured_media":80394,"template":"","meta":[],"product_cat":[4945,5116,5300],"product_tag":[],"class_list":{"0":"post-76892","1":"product","2":"type-product","3":"status-publish","4":"has-post-thumbnail","6":"product_cat-kleidung","7":"product_cat-t-shirts-mit-taschen","8":"product_cat-ss24-de","10":"first","11":"instock","12":"taxable","13":"shipping-taxable","14":"purchasable","15":"product-type-variable","16":"has-default-attributes","17":"wvs-archive-product-wrapper"},"_links":{"self":[{"href":"https:\/\/szoltandfrog.com\/de\/wp-json\/wp\/v2\/product\/76892","targetHints":{"allow":["GET"]}}],"collection":[{"href":"https:\/\/szoltandfrog.com\/de\/wp-json\/wp\/v2\/product"}],"about":[{"href":"https:\/\/szoltandfrog.com\/de\/wp-json\/wp\/v2\/types\/product"}],"version-history":[{"count":0,"href":"https:\/\/szoltandfrog.com\/de\/wp-json\/wp\/v2\/product\/76892\/revisions"}],"wp:featuredmedia":[{"embeddable":true,"href":"https:\/\/szoltandfrog.com\/de\/wp-json\/wp\/v2\/media\/80394"}],"wp:attachment":[{"href":"https:\/\/szoltandfrog.com\/de\/wp-json\/wp\/v2\/media?parent=76892"}],"wp:term":[{"taxonomy":"product_cat","embeddable":true,"href":"https:\/\/szoltandfrog.com\/de\/wp-json\/wp\/v2\/product_cat?post=76892"},{"taxonomy":"product_tag","embeddable":true,"href":"https:\/\/szoltandfrog.com\/de\/wp-json\/wp\/v2\/product_tag?post=76892"}],"curies":[{"name":"wp","href":"https:\/\/api.w.org\/{rel}","templated":true}]}}