{"id":76570,"date":"2024-03-03T23:17:28","date_gmt":"2024-04-02T10:31:59","guid":{"rendered":"https:\/\/szoltandfrog.com\/unkategorisiert\/geschenkkarte\/"},"modified":"2024-04-02T12:31:59","modified_gmt":"2024-04-02T10:31:59","slug":"geschenkkarte","status":"publish","type":"product","link":"https:\/\/szoltandfrog.com\/de\/geschenkkarten\/geschenkkarte\/","title":{"rendered":"Geschenkkarte"},"content":{"rendered":"","protected":false},"excerpt":{"rendered":"<p>Entdecken Sie die Freiheit des Schenkens mit Szolt&amp;Frog Geschenkkarten. Verwandeln Sie Unentschlossenheit in Begeisterung, indem Sie Ihren Freunden oder Verwandten die M\u00f6glichkeit geben, aus unserer exklusiven Kollektion zu w\u00e4hlen, von kultigen Taschen-T-Shirts bis zu handgefertigten G\u00fcrteln. Schenken Sie tolle Kleidung f\u00fcr jeden Tag! Und unterst\u00fctzen Sie den Erhalt der Umwelt noch heute mit unseren Geschenkkarten!<\/p>\n","protected":false},"featured_media":75131,"template":"","meta":[],"product_cat":[5284],"product_tag":[],"class_list":{"0":"post-76570","1":"product","2":"type-product","3":"status-publish","4":"has-post-thumbnail","6":"product_cat-geschenkkarten","8":"first","9":"instock","10":"virtual","11":"taxable","12":"product-type-simple"},"_links":{"self":[{"href":"https:\/\/szoltandfrog.com\/de\/wp-json\/wp\/v2\/product\/76570","targetHints":{"allow":["GET"]}}],"collection":[{"href":"https:\/\/szoltandfrog.com\/de\/wp-json\/wp\/v2\/product"}],"about":[{"href":"https:\/\/szoltandfrog.com\/de\/wp-json\/wp\/v2\/types\/product"}],"version-history":[{"count":0,"href":"https:\/\/szoltandfrog.com\/de\/wp-json\/wp\/v2\/product\/76570\/revisions"}],"wp:featuredmedia":[{"embeddable":true,"href":"https:\/\/szoltandfrog.com\/de\/wp-json\/wp\/v2\/media\/75131"}],"wp:attachment":[{"href":"https:\/\/szoltandfrog.com\/de\/wp-json\/wp\/v2\/media?parent=76570"}],"wp:term":[{"taxonomy":"product_cat","embeddable":true,"href":"https:\/\/szoltandfrog.com\/de\/wp-json\/wp\/v2\/product_cat?post=76570"},{"taxonomy":"product_tag","embeddable":true,"href":"https:\/\/szoltandfrog.com\/de\/wp-json\/wp\/v2\/product_tag?post=76570"}],"curies":[{"name":"wp","href":"https:\/\/api.w.org\/{rel}","templated":true}]}}