{"id":74136,"date":"2024-02-11T12:39:52","date_gmt":"2024-02-11T11:39:58","guid":{"rendered":"https:\/\/szoltandfrog.com\/?post_type=product&#038;p=74136"},"modified":"2024-02-12T02:49:13","modified_gmt":"2024-02-12T01:49:13","slug":"pulau-trikot","status":"publish","type":"product","link":"https:\/\/szoltandfrog.com\/de\/kleidung\/trikots\/pulau-trikot\/","title":{"rendered":"Pulau Jersey"},"content":{"rendered":"","protected":false},"excerpt":{"rendered":"<div class=\"QcsUad BDJ8fb BLojaf sMVRZe wneUed\">\n<div class=\"usGWQd\">\n<div class=\"KkbLmb\">\n<div class=\"lRu31\" dir=\"ltr\">\n<div class=\"flex flex-grow flex-col max-w-full\">\n<div class=\"min-h-[20px] text-message flex flex-col items-start gap-3 whitespace-pre-wrap break-words [.text-message+&amp;]:mt-5 overflow-x-auto\" data-message-author-role=\"assistant\" data-message-id=\"46d130b5-6f89-40d1-9d99-b0280486237a\">\n<div class=\"markdown prose w-full break-words dark:prose-invert dark\">\n<p>Tauchen Sie ein in Komfort und Umweltbewusstsein mit diesem Pullover! Dieser Pullover aus 80 % <strong>Wolle<\/strong> und 20 % Polyamid h\u00e4lt nicht nur warm, sondern schont auch die Umwelt, da er aus <span style=\"text-decoration: underline;\">GRS-zertifizierten<\/span> Recyclingfasern besteht. Nachhaltige Mode f\u00fcr eine bessere Welt!<\/p>\n<\/div>\n<ul>\n<li>Zurzeit ist es ein <strong><br \/>\n<em>begrenztes Angebot<\/em><br \/>\n<\/strong>einen Vorgeschmack auf das, woran wir f\u00fcr die n\u00e4chsten Saisons arbeiten.<\/li>\n<li>Die gesch\u00e4tzte <span style=\"text-decoration: underline;\">Lieferzeit<\/span> f\u00fcr dieses Produkt betr\u00e4gt 3 Wochen.<\/li>\n<li><em>Nur<\/em> bis zum 18\/02\/24 verf\u00fcgbar.<\/li>\n<li>K\u00e4ufer <strong>erhalten<\/strong> bei ihrem n\u00e4chsten Einkauf <strong>5 \u20ac gratis<\/strong> (1 Jahr lang g\u00fcltig).<\/li>\n<li>Wenn Sie diesen Pullover bei einer Bestellung \u00fcber 100\u20ac mitbestellen,<strong> erhalten Sie 15\u20ac gratis<\/strong> f\u00fcr Ihren n\u00e4chsten Einkauf (1 Jahr lang g\u00fcltig).<\/li>\n<\/ul>\n<\/div>\n<\/div>\n<\/div>\n<\/div>\n<\/div>\n<\/div>\n","protected":false},"featured_media":74181,"template":"","meta":[],"product_cat":[4945,5263],"product_tag":[5117,5126,5118],"class_list":{"0":"post-74136","1":"product","2":"type-product","3":"status-publish","4":"has-post-thumbnail","6":"product_cat-kleidung","7":"product_cat-trikots","8":"product_tag-erwachsene","9":"product_tag-sweatshirts-de","10":"product_tag-unisex-de","12":"first","13":"outofstock","14":"taxable","15":"shipping-taxable","16":"product-type-variable","17":"wvs-archive-product-wrapper"},"_links":{"self":[{"href":"https:\/\/szoltandfrog.com\/de\/wp-json\/wp\/v2\/product\/74136","targetHints":{"allow":["GET"]}}],"collection":[{"href":"https:\/\/szoltandfrog.com\/de\/wp-json\/wp\/v2\/product"}],"about":[{"href":"https:\/\/szoltandfrog.com\/de\/wp-json\/wp\/v2\/types\/product"}],"version-history":[{"count":0,"href":"https:\/\/szoltandfrog.com\/de\/wp-json\/wp\/v2\/product\/74136\/revisions"}],"wp:featuredmedia":[{"embeddable":true,"href":"https:\/\/szoltandfrog.com\/de\/wp-json\/wp\/v2\/media\/74181"}],"wp:attachment":[{"href":"https:\/\/szoltandfrog.com\/de\/wp-json\/wp\/v2\/media?parent=74136"}],"wp:term":[{"taxonomy":"product_cat","embeddable":true,"href":"https:\/\/szoltandfrog.com\/de\/wp-json\/wp\/v2\/product_cat?post=74136"},{"taxonomy":"product_tag","embeddable":true,"href":"https:\/\/szoltandfrog.com\/de\/wp-json\/wp\/v2\/product_tag?post=74136"}],"curies":[{"name":"wp","href":"https:\/\/api.w.org\/{rel}","templated":true}]}}