{"id":73700,"date":"2024-02-08T01:52:10","date_gmt":"2024-02-08T14:45:33","guid":{"rendered":"https:\/\/szoltandfrog.com\/unkategorisiert\/meer-socken-maenner\/"},"modified":"2024-02-08T15:45:33","modified_gmt":"2024-02-08T14:45:33","slug":"meer-socken-maenner","status":"publish","type":"product","link":"https:\/\/szoltandfrog.com\/de\/nicht-kategorisiert\/meer-socken-maenner\/","title":{"rendered":"Meer Socken &#8211; M\u00e4nner"},"content":{"rendered":"<p>Gr\u00f6\u00dfen 40-44<\/p>\n<p>Witzige Socken mit originellen und modernen Designs, mit dem Sz\u00f6lt&amp;Frog-Label.<br \/>\nEntworfen in Spanien und hergestellt von unseren Nachbarn in Portugal.<br \/>\nDieses Mal haben wir Socken mit Fahrradmotiven f\u00fcr M\u00e4nner.<br \/>\nSetzen Sie Trends mit Ihren F\u00fc\u00dfen&#8230;<\/p>\n<p>&#8211; Halbe Wadensocken<br \/>\n&#8211; Hergestellt in Portugal<br \/>\n&#8211; 80% Baumwolle, 18% Polyamid, 2% Elasthan<\/p>\n","protected":false},"excerpt":{"rendered":"<p>Gr\u00f6\u00dfen 40-44 Witzige Socken mit originellen und modernen Designs, mit dem Sz\u00f6lt&amp;Frog-Label. Entworfen in Spanien und hergestellt von unseren Nachbarn in Portugal. Dieses Mal haben wir Socken mit Fahrradmotiven f\u00fcr M\u00e4nner. Setzen Sie Trends mit Ihren F\u00fc\u00dfen&#8230; &#8211; Halbe Wadensocken &#8211; Hergestellt in Portugal &#8211; 80% Baumwolle, 18% Polyamid, 2% Elasthan<\/p>\n","protected":false},"featured_media":64298,"template":"","meta":[],"product_cat":[5260],"product_tag":[],"class_list":{"0":"post-73700","1":"product","2":"type-product","3":"status-publish","4":"has-post-thumbnail","6":"product_cat-nicht-kategorisiert","8":"first","9":"outofstock","10":"taxable","11":"shipping-taxable","12":"purchasable","13":"product-type-simple"},"_links":{"self":[{"href":"https:\/\/szoltandfrog.com\/de\/wp-json\/wp\/v2\/product\/73700","targetHints":{"allow":["GET"]}}],"collection":[{"href":"https:\/\/szoltandfrog.com\/de\/wp-json\/wp\/v2\/product"}],"about":[{"href":"https:\/\/szoltandfrog.com\/de\/wp-json\/wp\/v2\/types\/product"}],"version-history":[{"count":0,"href":"https:\/\/szoltandfrog.com\/de\/wp-json\/wp\/v2\/product\/73700\/revisions"}],"wp:featuredmedia":[{"embeddable":true,"href":"https:\/\/szoltandfrog.com\/de\/wp-json\/wp\/v2\/media\/64298"}],"wp:attachment":[{"href":"https:\/\/szoltandfrog.com\/de\/wp-json\/wp\/v2\/media?parent=73700"}],"wp:term":[{"taxonomy":"product_cat","embeddable":true,"href":"https:\/\/szoltandfrog.com\/de\/wp-json\/wp\/v2\/product_cat?post=73700"},{"taxonomy":"product_tag","embeddable":true,"href":"https:\/\/szoltandfrog.com\/de\/wp-json\/wp\/v2\/product_tag?post=73700"}],"curies":[{"name":"wp","href":"https:\/\/api.w.org\/{rel}","templated":true}]}}