{"id":73665,"date":"2024-02-08T02:41:01","date_gmt":"2024-02-08T01:41:02","guid":{"rendered":"https:\/\/szoltandfrog.com\/?post_type=product&#038;p=73665"},"modified":"2024-04-04T12:49:37","modified_gmt":"2024-04-04T10:49:37","slug":"ruderer-socken-womens-2","status":"publish","type":"product","link":"https:\/\/szoltandfrog.com\/de\/erganzungen\/socken\/ruderer-socken-womens-2\/","title":{"rendered":"Rosa Regenbogen Socken &#8211; Damen"},"content":{"rendered":"","protected":false},"excerpt":{"rendered":"<p>Gr\u00f6\u00dfen 36-39<\/p>\n<p>Lustige Socken mit originellem und modernem Design, mit dem Sz\u00f6lt&amp;Frog-Siegel. Entworfen in Spanien und hergestellt von unseren Nachbarn in Portugal. Diesmal haben wir gelbe Rudersocken f\u00fcr Frauen. Fangen Sie an, mit Ihren F\u00fc\u00dfen einen Trend zu kreieren&#8230;- Wadensocken- Hergestellt in Portugal- 80% Baumwolle, 18% Polyamid, 2% Elasthan<\/p>\n","protected":false},"featured_media":56479,"template":"","meta":[],"product_cat":[5082,4944,4945,5134],"product_tag":[],"class_list":{"0":"post-73665","1":"product","2":"type-product","3":"status-publish","4":"has-post-thumbnail","6":"product_cat-erganzungen","7":"product_cat-socken","8":"product_cat-kleidung","9":"product_cat-auslass","11":"first","12":"instock","13":"taxable","14":"shipping-taxable","15":"purchasable","16":"product-type-simple"},"_links":{"self":[{"href":"https:\/\/szoltandfrog.com\/de\/wp-json\/wp\/v2\/product\/73665","targetHints":{"allow":["GET"]}}],"collection":[{"href":"https:\/\/szoltandfrog.com\/de\/wp-json\/wp\/v2\/product"}],"about":[{"href":"https:\/\/szoltandfrog.com\/de\/wp-json\/wp\/v2\/types\/product"}],"version-history":[{"count":0,"href":"https:\/\/szoltandfrog.com\/de\/wp-json\/wp\/v2\/product\/73665\/revisions"}],"wp:featuredmedia":[{"embeddable":true,"href":"https:\/\/szoltandfrog.com\/de\/wp-json\/wp\/v2\/media\/56479"}],"wp:attachment":[{"href":"https:\/\/szoltandfrog.com\/de\/wp-json\/wp\/v2\/media?parent=73665"}],"wp:term":[{"taxonomy":"product_cat","embeddable":true,"href":"https:\/\/szoltandfrog.com\/de\/wp-json\/wp\/v2\/product_cat?post=73665"},{"taxonomy":"product_tag","embeddable":true,"href":"https:\/\/szoltandfrog.com\/de\/wp-json\/wp\/v2\/product_tag?post=73665"}],"curies":[{"name":"wp","href":"https:\/\/api.w.org\/{rel}","templated":true}]}}