{"id":73262,"date":"2024-02-03T11:59:06","date_gmt":"2024-02-03T10:59:12","guid":{"rendered":"https:\/\/szoltandfrog.com\/?post_type=product&#038;p=73262"},"modified":"2026-02-27T14:57:11","modified_gmt":"2026-02-27T13:57:11","slug":"kobe-t-shirt-copy","status":"publish","type":"product","link":"https:\/\/szoltandfrog.com\/de\/kleidung\/t-shirts-mit-taschen\/kobe-t-shirt-copy\/","title":{"rendered":"Froia-T-Shirt"},"content":{"rendered":"<p>Wir haben hier das navyfarbene Froia-T-Shirt aus 100% Bio-Baumwolle (170 g) mit mehrfarbiger, geometrischer Tasche aus Ethno-Stoff, das mit Sicherheit zu einem Basic in Ihrem Kleiderschrank wird.<\/p>\n<p>Wie auch bei den anderen neuen Modellen wollen wir unsere Marke sichtbarer denn je machen und Sie k\u00f6nnen unser Logo auf der Brusttasche aufgestickt sehen.<\/p>\n","protected":false},"excerpt":{"rendered":"<p>Wir starten unsere Fr\u00fchjahr-Sommer-Kollektion 2023 mit einer Farbe, nach der Sie auf RRSS sehr gefragt haben.<\/p>\n<p>Ja!!! Wir haben hier das gr\u00fcne Kobe-T-Shirt aus 100% Bio-Baumwolle mit 170 g und mehrfarbiger geometrischer Tasche aus Ethno-Stoff, das sicher zu einem Basic in Ihrem Kleiderschrank wird.<\/p>\n<p>Wie auch bei den anderen neuen Modellen wollen wir unsere Marke sichtbarer denn je machen und Sie k\u00f6nnen unser Logo auf der Brusttasche aufgestickt sehen.<\/p>\n<p>Unisex-Design f\u00fcr Frauen und M\u00e4nner! Normale Passform; \u00dcberpr\u00fcfen Sie Ihre Gr\u00f6\u00dfe in der Anleitung, die wir vorbereitet haben, indem Sie <a href=\"https:\/\/szoltandfrog.com\/guia-de-tallas\/\">hier<\/a> klicken!<\/p>\n","protected":false},"featured_media":80118,"template":"","meta":[],"product_cat":[4945,5116,5300],"product_tag":[5117,5119,5120,5118],"class_list":{"0":"post-73262","1":"product","2":"type-product","3":"status-publish","4":"has-post-thumbnail","6":"product_cat-kleidung","7":"product_cat-t-shirts-mit-taschen","8":"product_cat-ss24-de","9":"product_tag-erwachsene","10":"product_tag-t-shirts","11":"product_tag-tasche","12":"product_tag-unisex-de","14":"first","15":"instock","16":"taxable","17":"shipping-taxable","18":"purchasable","19":"product-type-variable","20":"has-default-attributes","21":"wvs-archive-product-wrapper"},"_links":{"self":[{"href":"https:\/\/szoltandfrog.com\/de\/wp-json\/wp\/v2\/product\/73262","targetHints":{"allow":["GET"]}}],"collection":[{"href":"https:\/\/szoltandfrog.com\/de\/wp-json\/wp\/v2\/product"}],"about":[{"href":"https:\/\/szoltandfrog.com\/de\/wp-json\/wp\/v2\/types\/product"}],"version-history":[{"count":0,"href":"https:\/\/szoltandfrog.com\/de\/wp-json\/wp\/v2\/product\/73262\/revisions"}],"wp:featuredmedia":[{"embeddable":true,"href":"https:\/\/szoltandfrog.com\/de\/wp-json\/wp\/v2\/media\/80118"}],"wp:attachment":[{"href":"https:\/\/szoltandfrog.com\/de\/wp-json\/wp\/v2\/media?parent=73262"}],"wp:term":[{"taxonomy":"product_cat","embeddable":true,"href":"https:\/\/szoltandfrog.com\/de\/wp-json\/wp\/v2\/product_cat?post=73262"},{"taxonomy":"product_tag","embeddable":true,"href":"https:\/\/szoltandfrog.com\/de\/wp-json\/wp\/v2\/product_tag?post=73262"}],"curies":[{"name":"wp","href":"https:\/\/api.w.org\/{rel}","templated":true}]}}