{"id":68363,"date":"2022-05-17T23:14:56","date_gmt":"2022-05-17T21:14:56","guid":{"rendered":"https:\/\/szoltandfrog.com\/shop\/unkategorisiert\/murias-t-shirt\/"},"modified":"2024-07-11T10:57:20","modified_gmt":"2024-07-11T08:57:20","slug":"murias-t-shirt","status":"publish","type":"product","link":"https:\/\/szoltandfrog.com\/de\/kleidung\/murias-t-shirt\/","title":{"rendered":"Murias-T-Shirt"},"content":{"rendered":"","protected":false},"excerpt":{"rendered":"<p>Dieses Mal haben wir ein T-Shirt aus 100% gr\u00fcner Bio-Baumwolle.<\/p>\n<p>100% Bio-Baumwolle 170 g und Taschen aus Stoffen aus aller Welt.<\/p>\n<p>Dieses Mal wollten wir unser Zeichen deutlicher denn je setzen und haben unser charakteristisches Zelt auf jede der Taschen gestickt.<\/p>\n<p>Unisex-Designs: Alles f\u00fcr jeden! Normale Passform; Pr\u00fcfen Sie Ihre Gr\u00f6\u00dfe mit unserer Gr\u00f6\u00dfentabelle hier!<\/p>\n<p>In Spanien entworfen und in unserem Nachbarland Portugal hergestellt!<\/p>\n","protected":false},"featured_media":66104,"template":"","meta":[],"product_cat":[5260],"product_tag":[5117,5119,5120,5118],"class_list":{"0":"post-68363","1":"product","2":"type-product","3":"status-publish","4":"has-post-thumbnail","6":"product_cat-nicht-kategorisiert","7":"product_tag-erwachsene","8":"product_tag-t-shirts","9":"product_tag-tasche","10":"product_tag-unisex-de","12":"first","13":"outofstock","14":"taxable","15":"shipping-taxable","16":"product-type-variable","17":"has-default-attributes","18":"wvs-archive-product-wrapper"},"_links":{"self":[{"href":"https:\/\/szoltandfrog.com\/de\/wp-json\/wp\/v2\/product\/68363","targetHints":{"allow":["GET"]}}],"collection":[{"href":"https:\/\/szoltandfrog.com\/de\/wp-json\/wp\/v2\/product"}],"about":[{"href":"https:\/\/szoltandfrog.com\/de\/wp-json\/wp\/v2\/types\/product"}],"version-history":[{"count":0,"href":"https:\/\/szoltandfrog.com\/de\/wp-json\/wp\/v2\/product\/68363\/revisions"}],"wp:featuredmedia":[{"embeddable":true,"href":"https:\/\/szoltandfrog.com\/de\/wp-json\/wp\/v2\/media\/66104"}],"wp:attachment":[{"href":"https:\/\/szoltandfrog.com\/de\/wp-json\/wp\/v2\/media?parent=68363"}],"wp:term":[{"taxonomy":"product_cat","embeddable":true,"href":"https:\/\/szoltandfrog.com\/de\/wp-json\/wp\/v2\/product_cat?post=68363"},{"taxonomy":"product_tag","embeddable":true,"href":"https:\/\/szoltandfrog.com\/de\/wp-json\/wp\/v2\/product_tag?post=68363"}],"curies":[{"name":"wp","href":"https:\/\/api.w.org\/{rel}","templated":true}]}}