{"id":68354,"date":"2022-10-06T00:48:08","date_gmt":"2022-10-05T22:48:08","guid":{"rendered":"https:\/\/szoltandfrog.com\/shop\/unkategorisiert\/waal-t-shirt\/"},"modified":"2026-02-27T14:57:13","modified_gmt":"2026-02-27T13:57:13","slug":"waal-t-shirt","status":"publish","type":"product","link":"https:\/\/szoltandfrog.com\/de\/kleidung\/waal-t-shirt\/","title":{"rendered":"Waal-T-Shirt"},"content":{"rendered":"","protected":false},"excerpt":{"rendered":"<p>Nach dem Erfolg unserer gro\u00dfen Klassiker wie dem Dingli, Rugen, Tromso und Dogo bringen wir Ihnen das Modell Waal.<\/p>\n<p>Das Waal-T-Shirt in wei\u00dfer Farbe aus 100% Bio-Baumwolle mit einem Gewicht von 170 g und einer Single-Jersey-Verarbeitung, um Transparenz zu vermeiden, ist die perfekte Weiterentwicklung unserer Serie wei\u00dfer T-Shirts.<\/p>\n<p>Wie auch bei den anderen neuen Modellen wollen wir unsere Marke sichtbarer denn je machen und Sie k\u00f6nnen unser Logo auf der Brusttasche aufgestickt sehen.<\/p>\n<p>Unisex-Design f\u00fcr Frauen und M\u00e4nner! Normale Passform; Pr\u00fcfen Sie Ihre Gr\u00f6\u00dfe mit unserer Gr\u00f6\u00dfentabelle <a href=\"https:\/\/szoltandfrog.com\/guia-de-tallas\/\">hier<\/a>!<\/p>\n","protected":false},"featured_media":80172,"template":"","meta":[],"product_cat":[4945,5116,5134],"product_tag":[5117,5119,5120,5118],"class_list":{"0":"post-68354","1":"product","2":"type-product","3":"status-publish","4":"has-post-thumbnail","6":"product_cat-kleidung","7":"product_cat-t-shirts-mit-taschen","8":"product_cat-auslass","9":"product_tag-erwachsene","10":"product_tag-t-shirts","11":"product_tag-tasche","12":"product_tag-unisex-de","14":"first","15":"instock","16":"taxable","17":"shipping-taxable","18":"product-type-variable","19":"has-default-attributes","20":"wvs-archive-product-wrapper"},"_links":{"self":[{"href":"https:\/\/szoltandfrog.com\/de\/wp-json\/wp\/v2\/product\/68354","targetHints":{"allow":["GET"]}}],"collection":[{"href":"https:\/\/szoltandfrog.com\/de\/wp-json\/wp\/v2\/product"}],"about":[{"href":"https:\/\/szoltandfrog.com\/de\/wp-json\/wp\/v2\/types\/product"}],"version-history":[{"count":0,"href":"https:\/\/szoltandfrog.com\/de\/wp-json\/wp\/v2\/product\/68354\/revisions"}],"wp:featuredmedia":[{"embeddable":true,"href":"https:\/\/szoltandfrog.com\/de\/wp-json\/wp\/v2\/media\/80172"}],"wp:attachment":[{"href":"https:\/\/szoltandfrog.com\/de\/wp-json\/wp\/v2\/media?parent=68354"}],"wp:term":[{"taxonomy":"product_cat","embeddable":true,"href":"https:\/\/szoltandfrog.com\/de\/wp-json\/wp\/v2\/product_cat?post=68354"},{"taxonomy":"product_tag","embeddable":true,"href":"https:\/\/szoltandfrog.com\/de\/wp-json\/wp\/v2\/product_tag?post=68354"}],"curies":[{"name":"wp","href":"https:\/\/api.w.org\/{rel}","templated":true}]}}