{"id":68352,"date":"2022-10-06T01:01:13","date_gmt":"2022-10-05T23:01:13","guid":{"rendered":"https:\/\/szoltandfrog.com\/shop\/unkategorisiert\/naha-t-shirt\/"},"modified":"2026-04-18T17:29:02","modified_gmt":"2026-04-18T15:29:02","slug":"naha-t-shirt","status":"publish","type":"product","link":"https:\/\/szoltandfrog.com\/de\/kleidung\/naha-t-shirt\/","title":{"rendered":"Naha-T-Shirt"},"content":{"rendered":"","protected":false},"excerpt":{"rendered":"<p>Mit ihnen begann alles! Die sechste Kollektion unserer erfolgreichen Pocket-T-Shirts.<\/p>\n<p>In diesem Fall haben wir unseren Hit f\u00fcr 2019 in einem Grau aus 100% Bio-Baumwolle mit gestreifter Tasche neu aufgelegt.<\/p>\n<p>100% GOTS (Global Organic Textile Standard) Bio-Baumwolle 170 gr und Taschen aus Stoffen aus der ganzen Welt.<\/p>\n<p>Dieses Mal wollten wir unser Zeichen deutlicher denn je setzen und haben unser charakteristisches Zelt auf jede der Taschen gestickt.<\/p>\n<p>Unisex-Designs: Alles f\u00fcr jeden! Normale Passform; Pr\u00fcfen Sie Ihre Gr\u00f6\u00dfe mit unserer Gr\u00f6\u00dfentabelle <a href=\"https:\/\/szoltandfrog.com\/guia-de-tallas\/\">hier<\/a>!<\/p>\n","protected":false},"featured_media":80142,"template":"","meta":[],"product_cat":[4945,5116],"product_tag":[5117,5119,5120,5118],"class_list":{"0":"post-68352","1":"product","2":"type-product","3":"status-publish","4":"has-post-thumbnail","6":"product_cat-kleidung","7":"product_cat-t-shirts-mit-taschen","8":"product_tag-erwachsene","9":"product_tag-t-shirts","10":"product_tag-tasche","11":"product_tag-unisex-de","13":"first","14":"instock","15":"taxable","16":"shipping-taxable","17":"purchasable","18":"product-type-variable","19":"has-default-attributes","20":"wvs-archive-product-wrapper"},"_links":{"self":[{"href":"https:\/\/szoltandfrog.com\/de\/wp-json\/wp\/v2\/product\/68352","targetHints":{"allow":["GET"]}}],"collection":[{"href":"https:\/\/szoltandfrog.com\/de\/wp-json\/wp\/v2\/product"}],"about":[{"href":"https:\/\/szoltandfrog.com\/de\/wp-json\/wp\/v2\/types\/product"}],"version-history":[{"count":0,"href":"https:\/\/szoltandfrog.com\/de\/wp-json\/wp\/v2\/product\/68352\/revisions"}],"wp:featuredmedia":[{"embeddable":true,"href":"https:\/\/szoltandfrog.com\/de\/wp-json\/wp\/v2\/media\/80142"}],"wp:attachment":[{"href":"https:\/\/szoltandfrog.com\/de\/wp-json\/wp\/v2\/media?parent=68352"}],"wp:term":[{"taxonomy":"product_cat","embeddable":true,"href":"https:\/\/szoltandfrog.com\/de\/wp-json\/wp\/v2\/product_cat?post=68352"},{"taxonomy":"product_tag","embeddable":true,"href":"https:\/\/szoltandfrog.com\/de\/wp-json\/wp\/v2\/product_tag?post=68352"}],"curies":[{"name":"wp","href":"https:\/\/api.w.org\/{rel}","templated":true}]}}