{"id":68345,"date":"2019-11-27T18:20:41","date_gmt":"2019-11-27T17:20:41","guid":{"rendered":"https:\/\/szoltandfrog.com\/shop\/unkategorisiert\/gurupa-t-shirt\/"},"modified":"2024-11-13T15:35:09","modified_gmt":"2024-11-13T14:35:09","slug":"gurupa-t-shirt","status":"publish","type":"product","link":"https:\/\/szoltandfrog.com\/de\/kleidung\/gurupa-t-shirt\/","title":{"rendered":"Gurupa-T-Shirt"},"content":{"rendered":"","protected":false},"excerpt":{"rendered":"<p>Mit ihnen begann alles! Die f\u00fcnfte Kollektion unserer erfolgreichen Pocket-T-Shirts.<\/p>\n<p>In diesem Fall haben wir unseren Hit f\u00fcr 2019 in einem Grau aus 100% Bio-Baumwolle mit gestreifter Tasche neu aufgelegt.<\/p>\n<p>100% GOTS (Global Organic Textile Standard) Bio-Baumwolle 170 gr und Taschen aus Stoffen aus der ganzen Welt.<\/p>\n<p>Dieses Mal wollten wir unser Zeichen deutlicher denn je setzen und haben unser charakteristisches Zelt auf jede der Taschen gestickt.<\/p>\n<p>Unisex-Designs: Alles f\u00fcr jeden! Normale Passform; Pr\u00fcfen Sie Ihre Gr\u00f6\u00dfe mit unserer Gr\u00f6\u00dfentabelle <a href=\"https:\/\/szoltandfrog.com\/guia-de-tallas\/\">hier<\/a>!<\/p>\n<p>In Spanien entworfen und in unserem Nachbarland Portugal hergestellt!<\/p>\n","protected":false},"featured_media":65642,"template":"","meta":[],"product_cat":[5551,4945,5116],"product_tag":[5117,5119,5120,5118],"class_list":{"0":"post-68345","1":"product","2":"type-product","3":"status-publish","4":"has-post-thumbnail","6":"product_cat-aw25-de","7":"product_cat-kleidung","8":"product_cat-t-shirts-mit-taschen","9":"product_tag-erwachsene","10":"product_tag-t-shirts","11":"product_tag-tasche","12":"product_tag-unisex-de","14":"first","15":"instock","16":"taxable","17":"shipping-taxable","18":"purchasable","19":"product-type-variable","20":"has-default-attributes","21":"wvs-archive-product-wrapper"},"_links":{"self":[{"href":"https:\/\/szoltandfrog.com\/de\/wp-json\/wp\/v2\/product\/68345","targetHints":{"allow":["GET"]}}],"collection":[{"href":"https:\/\/szoltandfrog.com\/de\/wp-json\/wp\/v2\/product"}],"about":[{"href":"https:\/\/szoltandfrog.com\/de\/wp-json\/wp\/v2\/types\/product"}],"version-history":[{"count":0,"href":"https:\/\/szoltandfrog.com\/de\/wp-json\/wp\/v2\/product\/68345\/revisions"}],"wp:featuredmedia":[{"embeddable":true,"href":"https:\/\/szoltandfrog.com\/de\/wp-json\/wp\/v2\/media\/65642"}],"wp:attachment":[{"href":"https:\/\/szoltandfrog.com\/de\/wp-json\/wp\/v2\/media?parent=68345"}],"wp:term":[{"taxonomy":"product_cat","embeddable":true,"href":"https:\/\/szoltandfrog.com\/de\/wp-json\/wp\/v2\/product_cat?post=68345"},{"taxonomy":"product_tag","embeddable":true,"href":"https:\/\/szoltandfrog.com\/de\/wp-json\/wp\/v2\/product_tag?post=68345"}],"curies":[{"name":"wp","href":"https:\/\/api.w.org\/{rel}","templated":true}]}}