{"id":68342,"date":"2020-07-21T01:02:38","date_gmt":"2020-07-20T23:02:38","guid":{"rendered":"https:\/\/szoltandfrog.com\/shop\/unkategorisiert\/chilaw-sweatshirt\/"},"modified":"2024-11-25T18:44:25","modified_gmt":"2024-11-25T17:44:25","slug":"chilaw-sweatshirt","status":"publish","type":"product","link":"https:\/\/szoltandfrog.com\/de\/kleidung\/chilaw-sweatshirt\/","title":{"rendered":"Chilaw Sweatshirt"},"content":{"rendered":"","protected":false},"excerpt":{"rendered":"<p style=\"text-align: left\">Wir haben mit T-Shirts angefangen und bringen jetzt unsere Kollektion von Kapuzenpullis heraus.<\/p>\n<p>In diesem Fall haben wir ein khakifarbenes Sweatshirt mit einer geometrischen Tasche.<\/p>\n<p>Kombination aus 75 % hochwertiger Baumwolle mit 25 % Polyester (310 g) und Taschen, die mit Stoffen aus aller Welt hergestellt werden.<\/p>\n<p>Dieses Mal wollten wir unser Zeichen deutlicher denn je setzen und haben unser charakteristisches Zelt auf jede der Taschen gestickt.<\/p>\n<p>Unisex-Designs: Alles f\u00fcr jeden! \u00dcberpr\u00fcfen Sie Ihre Gr\u00f6\u00dfe anhand der Ma\u00dfe auf dem Bild!<\/p>\n<p>In Spanien entworfen und in unserem Nachbarland Portugal hergestellt!<\/p>\n","protected":false},"featured_media":80034,"template":"","meta":[],"product_cat":[4945,4967],"product_tag":[5117,5126,5120,5118],"class_list":{"0":"post-68342","1":"product","2":"type-product","3":"status-publish","4":"has-post-thumbnail","6":"product_cat-kleidung","7":"product_cat-sweatshirts-de","8":"product_tag-erwachsene","9":"product_tag-sweatshirts-de","10":"product_tag-tasche","11":"product_tag-unisex-de","13":"first","14":"outofstock","15":"featured","16":"taxable","17":"shipping-taxable","18":"purchasable","19":"product-type-variable","20":"has-default-attributes","21":"wvs-archive-product-wrapper"},"_links":{"self":[{"href":"https:\/\/szoltandfrog.com\/de\/wp-json\/wp\/v2\/product\/68342","targetHints":{"allow":["GET"]}}],"collection":[{"href":"https:\/\/szoltandfrog.com\/de\/wp-json\/wp\/v2\/product"}],"about":[{"href":"https:\/\/szoltandfrog.com\/de\/wp-json\/wp\/v2\/types\/product"}],"version-history":[{"count":0,"href":"https:\/\/szoltandfrog.com\/de\/wp-json\/wp\/v2\/product\/68342\/revisions"}],"wp:featuredmedia":[{"embeddable":true,"href":"https:\/\/szoltandfrog.com\/de\/wp-json\/wp\/v2\/media\/80034"}],"wp:attachment":[{"href":"https:\/\/szoltandfrog.com\/de\/wp-json\/wp\/v2\/media?parent=68342"}],"wp:term":[{"taxonomy":"product_cat","embeddable":true,"href":"https:\/\/szoltandfrog.com\/de\/wp-json\/wp\/v2\/product_cat?post=68342"},{"taxonomy":"product_tag","embeddable":true,"href":"https:\/\/szoltandfrog.com\/de\/wp-json\/wp\/v2\/product_tag?post=68342"}],"curies":[{"name":"wp","href":"https:\/\/api.w.org\/{rel}","templated":true}]}}