{"id":68340,"date":"2020-07-22T00:24:16","date_gmt":"2020-07-21T22:24:16","guid":{"rendered":"https:\/\/szoltandfrog.com\/shop\/unkategorisiert\/tromsoe-t-shirt\/"},"modified":"2026-02-27T14:57:09","modified_gmt":"2026-02-27T13:57:09","slug":"tromsoe-t-shirt","status":"publish","type":"product","link":"https:\/\/szoltandfrog.com\/de\/kleidung\/tromsoe-t-shirt\/","title":{"rendered":"Troms\u00f6-T-Shirt"},"content":{"rendered":"","protected":false},"excerpt":{"rendered":"<p>Wir bringen Ihnen ein gr\u00fcnes, gewaschenes T-Shirt aus 100% Bio-Baumwolle mit geometrischer Tasche.<\/p>\n<p>Das Tromso T-Shirt in khakigr\u00fcn, aus 100% Bio-Baumwolle von 170 gr und geometrischer Tasche in ethnischem Stoff ist eine Wette f\u00fcr diese neue Herbst-Winter-Saison.<\/p>\n<p>Wie auch bei den anderen neuen Modellen wollen wir unsere Marke sichtbarer denn je machen und Sie k\u00f6nnen unser Logo auf der Brusttasche aufgestickt sehen.<\/p>\n<p>Unisex-Design f\u00fcr Frauen und M\u00e4nner! Normale Passform; \u00fcberpr\u00fcfen Sie Ihre Gr\u00f6\u00dfe anhand der Ma\u00dfe auf dem Bild!<\/p>\n<p>In Spanien entworfen und in unserem Nachbarland Portugal hergestellt!<\/p>\n","protected":false},"featured_media":80166,"template":"","meta":[],"product_cat":[4945,5116,5300],"product_tag":[5117,5119,5120,5118],"class_list":{"0":"post-68340","1":"product","2":"type-product","3":"status-publish","4":"has-post-thumbnail","6":"product_cat-kleidung","7":"product_cat-t-shirts-mit-taschen","8":"product_cat-ss24-de","9":"product_tag-erwachsene","10":"product_tag-t-shirts","11":"product_tag-tasche","12":"product_tag-unisex-de","14":"first","15":"instock","16":"taxable","17":"shipping-taxable","18":"purchasable","19":"product-type-variable","20":"has-default-attributes","21":"wvs-archive-product-wrapper"},"_links":{"self":[{"href":"https:\/\/szoltandfrog.com\/de\/wp-json\/wp\/v2\/product\/68340","targetHints":{"allow":["GET"]}}],"collection":[{"href":"https:\/\/szoltandfrog.com\/de\/wp-json\/wp\/v2\/product"}],"about":[{"href":"https:\/\/szoltandfrog.com\/de\/wp-json\/wp\/v2\/types\/product"}],"version-history":[{"count":0,"href":"https:\/\/szoltandfrog.com\/de\/wp-json\/wp\/v2\/product\/68340\/revisions"}],"wp:featuredmedia":[{"embeddable":true,"href":"https:\/\/szoltandfrog.com\/de\/wp-json\/wp\/v2\/media\/80166"}],"wp:attachment":[{"href":"https:\/\/szoltandfrog.com\/de\/wp-json\/wp\/v2\/media?parent=68340"}],"wp:term":[{"taxonomy":"product_cat","embeddable":true,"href":"https:\/\/szoltandfrog.com\/de\/wp-json\/wp\/v2\/product_cat?post=68340"},{"taxonomy":"product_tag","embeddable":true,"href":"https:\/\/szoltandfrog.com\/de\/wp-json\/wp\/v2\/product_tag?post=68340"}],"curies":[{"name":"wp","href":"https:\/\/api.w.org\/{rel}","templated":true}]}}