{"id":68324,"date":"2021-02-19T00:15:51","date_gmt":"2021-02-18T23:15:51","guid":{"rendered":"https:\/\/szoltandfrog.com\/shop\/unkategorisiert\/hessen-sweatshirt\/"},"modified":"2024-10-10T22:43:56","modified_gmt":"2024-10-10T20:43:56","slug":"hessen-sweatshirt","status":"publish","type":"product","link":"https:\/\/szoltandfrog.com\/de\/kleidung\/sweatshirts-de\/hessen-sweatshirt\/","title":{"rendered":"Hessen Sweatshirt"},"content":{"rendered":"","protected":false},"excerpt":{"rendered":"<p>Wir haben mit T-Shirts angefangen und bringen jetzt unsere Kollektion von Kapuzenpullis heraus.<\/p>\n<p>In diesem Fall handelt es sich um ein beigefarbenes Sweatshirt mit geometrischer Tasche und Kapuze.<\/p>\n<p>Kombination aus 75 % hochwertiger Baumwolle mit 25 % Polyester (310 g) und Taschen, die mit Stoffen aus aller Welt hergestellt werden.<\/p>\n<p>Diesmal wollten wir unsere Marke deutlicher denn je machen und haben unser charakteristisches Zelt auf jede der Taschen gestickt.<\/p>\n<p>Unisex-Designs: Alles f\u00fcr jeden! \u00dcberpr\u00fcfen Sie Ihre Gr\u00f6\u00dfe anhand der Ma\u00dfe auf dem Bild!<\/p>\n<p>In Spanien entworfen und in unserem Nachbarland Portugal hergestellt!<\/p>\n","protected":false},"featured_media":65880,"template":"","meta":[],"product_cat":[4945,4967,5134],"product_tag":[5117,5126,5120,5118],"class_list":{"0":"post-68324","1":"product","2":"type-product","3":"status-publish","4":"has-post-thumbnail","6":"product_cat-kleidung","7":"product_cat-sweatshirts-de","8":"product_cat-auslass","9":"product_tag-erwachsene","10":"product_tag-sweatshirts-de","11":"product_tag-tasche","12":"product_tag-unisex-de","14":"first","15":"outofstock","16":"taxable","17":"shipping-taxable","18":"product-type-variable","19":"has-default-attributes","20":"wvs-archive-product-wrapper"},"_links":{"self":[{"href":"https:\/\/szoltandfrog.com\/de\/wp-json\/wp\/v2\/product\/68324","targetHints":{"allow":["GET"]}}],"collection":[{"href":"https:\/\/szoltandfrog.com\/de\/wp-json\/wp\/v2\/product"}],"about":[{"href":"https:\/\/szoltandfrog.com\/de\/wp-json\/wp\/v2\/types\/product"}],"version-history":[{"count":0,"href":"https:\/\/szoltandfrog.com\/de\/wp-json\/wp\/v2\/product\/68324\/revisions"}],"wp:featuredmedia":[{"embeddable":true,"href":"https:\/\/szoltandfrog.com\/de\/wp-json\/wp\/v2\/media\/65880"}],"wp:attachment":[{"href":"https:\/\/szoltandfrog.com\/de\/wp-json\/wp\/v2\/media?parent=68324"}],"wp:term":[{"taxonomy":"product_cat","embeddable":true,"href":"https:\/\/szoltandfrog.com\/de\/wp-json\/wp\/v2\/product_cat?post=68324"},{"taxonomy":"product_tag","embeddable":true,"href":"https:\/\/szoltandfrog.com\/de\/wp-json\/wp\/v2\/product_tag?post=68324"}],"curies":[{"name":"wp","href":"https:\/\/api.w.org\/{rel}","templated":true}]}}