{"id":68320,"date":"2021-04-10T00:40:57","date_gmt":"2021-04-09T22:40:57","guid":{"rendered":"https:\/\/szoltandfrog.com\/shop\/unkategorisiert\/ryfoss-ethnischer-lederguertel\/"},"modified":"2024-10-15T15:32:39","modified_gmt":"2024-10-15T13:32:39","slug":"ryfoss-ethnischer-lederguertel","status":"publish","type":"product","link":"https:\/\/szoltandfrog.com\/de\/gurtel-de\/ryfoss-ethnischer-lederguertel\/","title":{"rendered":"Ryfoss Ethnischer Lederg\u00fcrtel"},"content":{"rendered":"","protected":false},"excerpt":{"rendered":"<p>Ethnischer beigefarbener Lederg\u00fcrtel f\u00fcr M\u00e4nner und Frauen, mit gestreiftem Stoff:<\/p>\n<p>&#8211; Besondere Stoffe aus aller Welt<br \/>\n&#8211; Handgefertigt in Spanien  <img decoding=\"async\" class=\"alignnone wp-image-12467\" src=\"https:\/\/szoltandfrog.com\/wp-content\/uploads\/2019\/06\/spanish-flah.jpg\" alt=\"\" width=\"20\" height=\"16\"><br \/>\n&#8211; 100% hochwertiges Leder<br \/>\n&#8211; Erh\u00e4ltlich in Gr\u00f6\u00dfe 85 (Hosengr\u00f6\u00dfe 38-40), Gr\u00f6\u00dfe 90 (Hosengr\u00f6\u00dfe 42-44) oder 95 (Hosengr\u00f6\u00dfe 46-48-50).<\/p>\n","protected":false},"featured_media":62954,"template":"","meta":[],"product_cat":[5082,5081],"product_tag":[],"class_list":{"0":"post-68320","1":"product","2":"type-product","3":"status-publish","4":"has-post-thumbnail","6":"product_cat-erganzungen","7":"product_cat-gurtel-de","9":"first","10":"instock","11":"taxable","12":"shipping-taxable","13":"purchasable","14":"product-type-variable","15":"has-default-attributes","16":"wvs-archive-product-wrapper"},"_links":{"self":[{"href":"https:\/\/szoltandfrog.com\/de\/wp-json\/wp\/v2\/product\/68320","targetHints":{"allow":["GET"]}}],"collection":[{"href":"https:\/\/szoltandfrog.com\/de\/wp-json\/wp\/v2\/product"}],"about":[{"href":"https:\/\/szoltandfrog.com\/de\/wp-json\/wp\/v2\/types\/product"}],"version-history":[{"count":0,"href":"https:\/\/szoltandfrog.com\/de\/wp-json\/wp\/v2\/product\/68320\/revisions"}],"wp:featuredmedia":[{"embeddable":true,"href":"https:\/\/szoltandfrog.com\/de\/wp-json\/wp\/v2\/media\/62954"}],"wp:attachment":[{"href":"https:\/\/szoltandfrog.com\/de\/wp-json\/wp\/v2\/media?parent=68320"}],"wp:term":[{"taxonomy":"product_cat","embeddable":true,"href":"https:\/\/szoltandfrog.com\/de\/wp-json\/wp\/v2\/product_cat?post=68320"},{"taxonomy":"product_tag","embeddable":true,"href":"https:\/\/szoltandfrog.com\/de\/wp-json\/wp\/v2\/product_tag?post=68320"}],"curies":[{"name":"wp","href":"https:\/\/api.w.org\/{rel}","templated":true}]}}