{"id":68318,"date":"2020-07-22T00:53:30","date_gmt":"2020-07-21T22:53:30","guid":{"rendered":"https:\/\/szoltandfrog.com\/shop\/unkategorisiert\/anchor-socken-maenner\/"},"modified":"2024-06-22T13:32:03","modified_gmt":"2024-06-22T11:32:03","slug":"anchor-socken-maenner","status":"publish","type":"product","link":"https:\/\/szoltandfrog.com\/de\/erganzungen\/socken\/anchor-socken-maenner\/","title":{"rendered":"Anchor Socken &#8211; M\u00e4nner"},"content":{"rendered":"","protected":false},"excerpt":{"rendered":"<p>Gr\u00f6\u00dfen 40-45<br \/>\nWitzige Socken mit originellen und modernen Designs, mit dem Sz\u00f6lt&amp;Frog-Label.<br \/>\nEntworfen in Spanien und hergestellt von unseren Nachbarn in Portugal.<br \/>\nDieses Mal haben wir Ankersocken f\u00fcr M\u00e4nner.<br \/>\nSetzen Sie Trends mit Ihren F\u00fc\u00dfen&#8230;<\/p>\n<p>&#8211; Halbe Wadensocken<br \/>\n&#8211; Hergestellt in Portugal<br \/>\n&#8211; 80% Baumwolle, 18% Polyamid, 2% Elasthan<\/p>\n","protected":false},"featured_media":60721,"template":"","meta":[],"product_cat":[4944,5134],"product_tag":[],"class_list":{"0":"post-68318","1":"product","2":"type-product","3":"status-publish","4":"has-post-thumbnail","6":"product_cat-socken","7":"product_cat-auslass","9":"first","10":"instock","11":"taxable","12":"shipping-taxable","13":"purchasable","14":"product-type-simple"},"_links":{"self":[{"href":"https:\/\/szoltandfrog.com\/de\/wp-json\/wp\/v2\/product\/68318","targetHints":{"allow":["GET"]}}],"collection":[{"href":"https:\/\/szoltandfrog.com\/de\/wp-json\/wp\/v2\/product"}],"about":[{"href":"https:\/\/szoltandfrog.com\/de\/wp-json\/wp\/v2\/types\/product"}],"version-history":[{"count":0,"href":"https:\/\/szoltandfrog.com\/de\/wp-json\/wp\/v2\/product\/68318\/revisions"}],"wp:featuredmedia":[{"embeddable":true,"href":"https:\/\/szoltandfrog.com\/de\/wp-json\/wp\/v2\/media\/60721"}],"wp:attachment":[{"href":"https:\/\/szoltandfrog.com\/de\/wp-json\/wp\/v2\/media?parent=68318"}],"wp:term":[{"taxonomy":"product_cat","embeddable":true,"href":"https:\/\/szoltandfrog.com\/de\/wp-json\/wp\/v2\/product_cat?post=68318"},{"taxonomy":"product_tag","embeddable":true,"href":"https:\/\/szoltandfrog.com\/de\/wp-json\/wp\/v2\/product_tag?post=68318"}],"curies":[{"name":"wp","href":"https:\/\/api.w.org\/{rel}","templated":true}]}}