{"id":68291,"date":"2021-12-02T00:33:14","date_gmt":"2021-12-01T23:33:14","guid":{"rendered":"https:\/\/szoltandfrog.com\/shop\/unkategorisiert\/sweatshirt-lech\/"},"modified":"2024-11-23T13:13:48","modified_gmt":"2024-11-23T12:13:48","slug":"sweatshirt-lech","status":"publish","type":"product","link":"https:\/\/szoltandfrog.com\/de\/kleidung\/sweatshirt-lech\/","title":{"rendered":"Sweatshirt Lech"},"content":{"rendered":"","protected":false},"excerpt":{"rendered":"<p>Wir haben mit T-Shirts angefangen und bringen jetzt unsere Kollektion von Kapuzenpullis heraus.<\/p>\n<p>In diesem Fall haben wir ein hellgr\u00fcnes Sweatshirt mit einer geometrischen Tasche.<\/p>\n<p>Kombination aus 100% hochwertiger Baumwolle (310 gr) und Taschen aus Stoffen aus aller Welt.<\/p>\n<p>Dieses Mal wollten wir unser Zeichen deutlicher denn je setzen und haben unser charakteristisches Zelt auf jede der Taschen gestickt.<\/p>\n<p>Unisex-Designs: Alles f\u00fcr jeden! Pr\u00fcfen Sie Ihre Gr\u00f6\u00dfe mit unserer Gr\u00f6\u00dfentabelle <a href=\"https:\/\/szoltandfrog.com\/guia-de-tallas\/\">hier<\/a>!<\/p>\n<p>In Spanien entworfen und in unserem Nachbarland Portugal hergestellt!<\/p>\n","protected":false},"featured_media":80190,"template":"","meta":[],"product_cat":[4945,4967,5134],"product_tag":[5117,5126,5120,5118],"class_list":{"0":"post-68291","1":"product","2":"type-product","3":"status-publish","4":"has-post-thumbnail","6":"product_cat-kleidung","7":"product_cat-sweatshirts-de","8":"product_cat-auslass","9":"product_tag-erwachsene","10":"product_tag-sweatshirts-de","11":"product_tag-tasche","12":"product_tag-unisex-de","14":"first","15":"outofstock","16":"taxable","17":"shipping-taxable","18":"product-type-variable","19":"has-default-attributes","20":"wvs-archive-product-wrapper"},"_links":{"self":[{"href":"https:\/\/szoltandfrog.com\/de\/wp-json\/wp\/v2\/product\/68291","targetHints":{"allow":["GET"]}}],"collection":[{"href":"https:\/\/szoltandfrog.com\/de\/wp-json\/wp\/v2\/product"}],"about":[{"href":"https:\/\/szoltandfrog.com\/de\/wp-json\/wp\/v2\/types\/product"}],"version-history":[{"count":0,"href":"https:\/\/szoltandfrog.com\/de\/wp-json\/wp\/v2\/product\/68291\/revisions"}],"wp:featuredmedia":[{"embeddable":true,"href":"https:\/\/szoltandfrog.com\/de\/wp-json\/wp\/v2\/media\/80190"}],"wp:attachment":[{"href":"https:\/\/szoltandfrog.com\/de\/wp-json\/wp\/v2\/media?parent=68291"}],"wp:term":[{"taxonomy":"product_cat","embeddable":true,"href":"https:\/\/szoltandfrog.com\/de\/wp-json\/wp\/v2\/product_cat?post=68291"},{"taxonomy":"product_tag","embeddable":true,"href":"https:\/\/szoltandfrog.com\/de\/wp-json\/wp\/v2\/product_tag?post=68291"}],"curies":[{"name":"wp","href":"https:\/\/api.w.org\/{rel}","templated":true}]}}