{"id":68284,"date":"2021-05-20T22:38:34","date_gmt":"2021-05-20T20:38:34","guid":{"rendered":"https:\/\/szoltandfrog.com\/shop\/unkategorisiert\/hesse-kinder-sweatshirt\/"},"modified":"2024-01-16T16:31:53","modified_gmt":"2024-01-16T15:31:53","slug":"hesse-kinder-sweatshirt","status":"publish","type":"product","link":"https:\/\/szoltandfrog.com\/de\/kleidung\/hesse-kinder-sweatshirt\/","title":{"rendered":"Hesse Kinder Sweatshirt"},"content":{"rendered":"","protected":false},"excerpt":{"rendered":"<p>Viele von euch haben danach geschrien, T-Shirts und Sweatshirts f\u00fcr die Kinder mitzunehmen.<\/p>\n<p>Willkommen bei der ersten Sz\u00f6lt &amp; Frog Kids-Kollektion f\u00fcr die Kleinsten der Familie.<\/p>\n<p>Mit all der Identit\u00e4t unserer gr\u00f6\u00dften Hits, aber angepasst f\u00fcr die Kleinen und mit unserem neuen Kids Logo.<\/p>\n<p>Das Hesse Kids Sweatshirt, genau wie seine gro\u00dfe Schwester <strong><br \/>\n  <u><br \/>\n    <a href=\"https:\/\/szoltandfrog.com\/comprar\/sudadera-hesse\/\">Hesse<\/a><br \/>\n  <\/u><br \/>\n<\/strong>aus einer Kombination von 75 % Premium-Baumwolle und 25 % Polyester (310 g) und Taschen aus Stoffen aus aller Welt mit unserem gestickten Logo auf der Brust.<\/p>\n<p>Da wir wissen, dass es oft schwierig ist, die richtige Gr\u00f6\u00dfe f\u00fcr Ihre Kleinen zu finden, haben wir hier eine Gr\u00f6\u00dfentabelle f\u00fcr Sie hinterlegt <strong><u><a href=\"https:\/\/szoltandfrog.com\/guia-de-tallas\/\">hier<\/a><\/u> <\/strong>mit den genauen Ma\u00dfen und der ungef\u00e4hren Gr\u00f6\u00dfe des Kindes!<\/p>\n<p>Im Zweifelsfall empfehlen wir Ihnen, eines der Sweatshirts, die Sie bereits haben, auszumessen. Wenn Sie einen Fehler machen oder wenn es Ihnen nicht passt, machen Sie sich keine Sorgen, denn die erste Gr\u00f6\u00dfen\u00e4nderung ist f\u00fcr Sie v\u00f6llig kostenlos.<\/p>\n<p>Gem\u00e4\u00df der europ\u00e4ischen Textilverordnung f\u00fcr Minderj\u00e4hrige haben die Gr\u00f6\u00dfen 4-5 und 6-7 keine Kordelz\u00fcge an der Kapuze, um Unf\u00e4lle zu vermeiden.<\/p>\n<p>In Spanien entworfen und in unserem Nachbarland Portugal hergestellt!<\/p>\n","protected":false},"featured_media":80022,"template":"","meta":[],"product_cat":[4945,5129,4967,5134],"product_tag":[5130,5126,5120,5118],"class_list":{"0":"post-68284","1":"product","2":"type-product","3":"status-publish","4":"has-post-thumbnail","6":"product_cat-kleidung","7":"product_cat-kinder","8":"product_cat-sweatshirts-de","9":"product_cat-auslass","10":"product_tag-kinder","11":"product_tag-sweatshirts-de","12":"product_tag-tasche","13":"product_tag-unisex-de","15":"first","16":"instock","17":"taxable","18":"shipping-taxable","19":"product-type-variable","20":"wvs-archive-product-wrapper"},"_links":{"self":[{"href":"https:\/\/szoltandfrog.com\/de\/wp-json\/wp\/v2\/product\/68284","targetHints":{"allow":["GET"]}}],"collection":[{"href":"https:\/\/szoltandfrog.com\/de\/wp-json\/wp\/v2\/product"}],"about":[{"href":"https:\/\/szoltandfrog.com\/de\/wp-json\/wp\/v2\/types\/product"}],"version-history":[{"count":0,"href":"https:\/\/szoltandfrog.com\/de\/wp-json\/wp\/v2\/product\/68284\/revisions"}],"wp:featuredmedia":[{"embeddable":true,"href":"https:\/\/szoltandfrog.com\/de\/wp-json\/wp\/v2\/media\/80022"}],"wp:attachment":[{"href":"https:\/\/szoltandfrog.com\/de\/wp-json\/wp\/v2\/media?parent=68284"}],"wp:term":[{"taxonomy":"product_cat","embeddable":true,"href":"https:\/\/szoltandfrog.com\/de\/wp-json\/wp\/v2\/product_cat?post=68284"},{"taxonomy":"product_tag","embeddable":true,"href":"https:\/\/szoltandfrog.com\/de\/wp-json\/wp\/v2\/product_tag?post=68284"}],"curies":[{"name":"wp","href":"https:\/\/api.w.org\/{rel}","templated":true}]}}