{"id":68282,"date":"2021-05-20T22:57:19","date_gmt":"2021-05-20T20:57:19","guid":{"rendered":"https:\/\/szoltandfrog.com\/shop\/unkategorisiert\/rugen-kinder-t-shirt\/"},"modified":"2024-04-21T18:19:06","modified_gmt":"2024-04-21T16:19:06","slug":"rugen-kinder-t-shirt","status":"publish","type":"product","link":"https:\/\/szoltandfrog.com\/de\/kleidung\/kinder\/rugen-kinder-t-shirt\/","title":{"rendered":"Rugen Kinder-T-Shirt"},"content":{"rendered":"","protected":false},"excerpt":{"rendered":"<p>Viele von euch haben danach geschrien, T-Shirts und Sweatshirts f\u00fcr die Kinder mitzunehmen.<\/p>\n<p>Willkommen bei der ersten Sz\u00f6lt &amp; Frog Kids-Kollektion f\u00fcr die Kleinsten der Familie.<\/p>\n<p>Mit all der Identit\u00e4t unserer gr\u00f6\u00dften Hits aus 100% Bio-Baumwolle, aber angepasst f\u00fcr die Kleinen und mit unserem neuen Kids-Logo.<\/p>\n<p>Das Rugen Kids-T-Shirt, genau wie seine gro\u00dfe Schwester <strong><br \/>\n<u><br \/>\n<a href=\"https:\/\/szoltandfrog.com\/comprar\/camiseta-rugen\/\">Rugen<\/a><br \/>\n<\/u><br \/>\n<\/strong>Das Rugen Kids T-Shirt besteht wie seine gro\u00dfe Schwester aus 100 % Bio-Baumwolle mit 170 Gramm Gewicht, einer Tasche aus ethnisch gestreiftem Stoff in Gr\u00fcnt\u00f6nen und unserem gestickten Logo auf der Brust.<\/p>\n<p>Da wir wissen, dass es oft schwierig ist, die richtige Gr\u00f6\u00dfe f\u00fcr Ihre Kleinen zu finden, haben wir hier eine Gr\u00f6\u00dfentabelle f\u00fcr Sie hinterlegt <strong><u><a href=\"https:\/\/szoltandfrog.com\/guia-de-tallas\/\">hier<\/a><\/u> <\/strong>mit den genauen Ma\u00dfen und der ungef\u00e4hren Gr\u00f6\u00dfe des Kindes!<\/p>\n<p>Im Zweifelsfall empfehlen wir Ihnen, eines der T-Shirts, die Sie bereits haben, auszumessen. Wenn Sie einen Fehler machen oder es Ihnen nicht passt, machen Sie sich keine Sorgen, denn die erste Gr\u00f6\u00dfen\u00e4nderung ist f\u00fcr Sie v\u00f6llig kostenlos.<\/p>\n<p>In Spanien entworfen und in unserem Nachbarland Portugal hergestellt!<\/p>\n","protected":false},"featured_media":63661,"template":"","meta":[],"product_cat":[4945,5129,5134],"product_tag":[5130,5119,5120,5118],"class_list":{"0":"post-68282","1":"product","2":"type-product","3":"status-publish","4":"has-post-thumbnail","6":"product_cat-kleidung","7":"product_cat-kinder","8":"product_cat-auslass","9":"product_tag-kinder","10":"product_tag-t-shirts","11":"product_tag-tasche","12":"product_tag-unisex-de","14":"first","15":"outofstock","16":"taxable","17":"shipping-taxable","18":"product-type-variable","19":"wvs-archive-product-wrapper"},"_links":{"self":[{"href":"https:\/\/szoltandfrog.com\/de\/wp-json\/wp\/v2\/product\/68282","targetHints":{"allow":["GET"]}}],"collection":[{"href":"https:\/\/szoltandfrog.com\/de\/wp-json\/wp\/v2\/product"}],"about":[{"href":"https:\/\/szoltandfrog.com\/de\/wp-json\/wp\/v2\/types\/product"}],"version-history":[{"count":0,"href":"https:\/\/szoltandfrog.com\/de\/wp-json\/wp\/v2\/product\/68282\/revisions"}],"wp:featuredmedia":[{"embeddable":true,"href":"https:\/\/szoltandfrog.com\/de\/wp-json\/wp\/v2\/media\/63661"}],"wp:attachment":[{"href":"https:\/\/szoltandfrog.com\/de\/wp-json\/wp\/v2\/media?parent=68282"}],"wp:term":[{"taxonomy":"product_cat","embeddable":true,"href":"https:\/\/szoltandfrog.com\/de\/wp-json\/wp\/v2\/product_cat?post=68282"},{"taxonomy":"product_tag","embeddable":true,"href":"https:\/\/szoltandfrog.com\/de\/wp-json\/wp\/v2\/product_tag?post=68282"}],"curies":[{"name":"wp","href":"https:\/\/api.w.org\/{rel}","templated":true}]}}