{"id":68276,"date":"2021-09-18T16:41:17","date_gmt":"2021-09-18T14:41:17","guid":{"rendered":"https:\/\/szoltandfrog.com\/shop\/unkategorisiert\/kabir-sweatshirt\/"},"modified":"2026-02-27T14:56:59","modified_gmt":"2026-02-27T13:56:59","slug":"kabir-sweatshirt","status":"publish","type":"product","link":"https:\/\/szoltandfrog.com\/de\/kleidung\/kabir-sweatshirt\/","title":{"rendered":"Kabir Sweatshirt"},"content":{"rendered":"","protected":false},"excerpt":{"rendered":"<p>Wir haben mit T-Shirts angefangen und bringen jetzt unsere Kollektion von Kapuzenpullis heraus.<\/p>\n<p>In diesem Fall haben wir ein graues Sweatshirt mit einer geometrischen Tasche.<\/p>\n<p>Kombination aus 75 % hochwertiger Baumwolle mit 25 % Polyester (310 g) und Taschen, die mit Stoffen aus aller Welt hergestellt werden.<\/p>\n<p>Dieses Mal wollten wir unser Zeichen deutlicher denn je setzen und haben unser charakteristisches Zelt auf jede der Taschen gestickt.<\/p>\n<p>Unisex-Designs: Alles f\u00fcr jeden! Pr\u00fcfen Sie Ihre Gr\u00f6\u00dfe mit unserer Gr\u00f6\u00dfentabelle <a href=\"https:\/\/szoltandfrog.com\/guia-de-tallas\/\">hier<\/a>!<\/p>\n<p>In Spanien entworfen und in unserem Nachbarland Portugal hergestellt!<\/p>\n<p>Er ist 1,67 m gro\u00df, wiegt 65 kg und tr\u00e4gt Gr\u00f6\u00dfe S.<\/p>\n","protected":false},"featured_media":80052,"template":"","meta":[],"product_cat":[4945,4967,5134],"product_tag":[5117,5126,5120,5118],"class_list":{"0":"post-68276","1":"product","2":"type-product","3":"status-publish","4":"has-post-thumbnail","6":"product_cat-kleidung","7":"product_cat-sweatshirts-de","8":"product_cat-auslass","9":"product_tag-erwachsene","10":"product_tag-sweatshirts-de","11":"product_tag-tasche","12":"product_tag-unisex-de","14":"first","15":"instock","16":"taxable","17":"shipping-taxable","18":"purchasable","19":"product-type-variable","20":"has-default-attributes","21":"wvs-archive-product-wrapper"},"_links":{"self":[{"href":"https:\/\/szoltandfrog.com\/de\/wp-json\/wp\/v2\/product\/68276","targetHints":{"allow":["GET"]}}],"collection":[{"href":"https:\/\/szoltandfrog.com\/de\/wp-json\/wp\/v2\/product"}],"about":[{"href":"https:\/\/szoltandfrog.com\/de\/wp-json\/wp\/v2\/types\/product"}],"version-history":[{"count":0,"href":"https:\/\/szoltandfrog.com\/de\/wp-json\/wp\/v2\/product\/68276\/revisions"}],"wp:featuredmedia":[{"embeddable":true,"href":"https:\/\/szoltandfrog.com\/de\/wp-json\/wp\/v2\/media\/80052"}],"wp:attachment":[{"href":"https:\/\/szoltandfrog.com\/de\/wp-json\/wp\/v2\/media?parent=68276"}],"wp:term":[{"taxonomy":"product_cat","embeddable":true,"href":"https:\/\/szoltandfrog.com\/de\/wp-json\/wp\/v2\/product_cat?post=68276"},{"taxonomy":"product_tag","embeddable":true,"href":"https:\/\/szoltandfrog.com\/de\/wp-json\/wp\/v2\/product_tag?post=68276"}],"curies":[{"name":"wp","href":"https:\/\/api.w.org\/{rel}","templated":true}]}}