{"id":68272,"date":"2021-12-26T01:59:28","date_gmt":"2021-12-26T00:59:28","guid":{"rendered":"https:\/\/szoltandfrog.com\/shop\/unkategorisiert\/niers-reisetasche\/"},"modified":"2024-04-09T21:50:18","modified_gmt":"2024-04-09T19:50:18","slug":"niers-reisetasche","status":"publish","type":"product","link":"https:\/\/szoltandfrog.com\/de\/erganzungen\/niers-reisetasche\/","title":{"rendered":"Niers Reisetasche"},"content":{"rendered":"","protected":false},"excerpt":{"rendered":"<p>Die originelle Wochenendtasche von Sz\u00f6lt&amp;frog ist da!<\/p>\n<p>Mit ihrer Zusammensetzung aus 100 % Baumwolle und Details wie den Ledergriffen und -ecken ist sie das perfekte Accessoire f\u00fcr Ihre abenteuerliche Reise.<\/p>\n<p>Das Hauptfach hat eine gro\u00dfe Rei\u00dfverschluss\u00f6ffnung, in der Sie Ihre Lieblings-T-Shirts und -Sweatshirts von Sz\u00f6lt&amp;frog bequem unterbringen k\u00f6nnen. Unser Design umfasst auch eine Au\u00dfentasche mit Rei\u00dfverschluss f\u00fcr den einfachen Zugriff sowie eine Innentasche mit Rei\u00dfverschluss f\u00fcr Handy, Geldb\u00f6rse, Schl\u00fcssel usw. &#8230;&#8230;<\/p>\n<p>Wir haben diese abenteuerliche Reisetasche in zwei Farben hergestellt: Marineblau und Khakigr\u00fcn. F\u00fcr welche entscheiden Sie sich?<\/p>\n<p>Abmessungen:<\/p>\n<ul>\n<li>L\u00e4nge: 62 cm<\/li>\n<li>Breite: 28 cm<\/li>\n<li>H\u00f6he: 30 cm<\/li>\n<\/ul>\n","protected":false},"featured_media":64977,"template":"","meta":[],"product_cat":[5551,5082,5018],"product_tag":[5117,5126,5120,5128,5118],"class_list":{"0":"post-68272","1":"product","2":"type-product","3":"status-publish","4":"has-post-thumbnail","6":"product_cat-aw25-de","7":"product_cat-erganzungen","8":"product_cat-reisetaschen","9":"product_tag-erwachsene","10":"product_tag-sweatshirts-de","11":"product_tag-tasche","12":"product_tag-tasche-de","13":"product_tag-unisex-de","15":"first","16":"instock","17":"taxable","18":"shipping-taxable","19":"purchasable","20":"product-type-simple"},"_links":{"self":[{"href":"https:\/\/szoltandfrog.com\/de\/wp-json\/wp\/v2\/product\/68272","targetHints":{"allow":["GET"]}}],"collection":[{"href":"https:\/\/szoltandfrog.com\/de\/wp-json\/wp\/v2\/product"}],"about":[{"href":"https:\/\/szoltandfrog.com\/de\/wp-json\/wp\/v2\/types\/product"}],"version-history":[{"count":0,"href":"https:\/\/szoltandfrog.com\/de\/wp-json\/wp\/v2\/product\/68272\/revisions"}],"wp:featuredmedia":[{"embeddable":true,"href":"https:\/\/szoltandfrog.com\/de\/wp-json\/wp\/v2\/media\/64977"}],"wp:attachment":[{"href":"https:\/\/szoltandfrog.com\/de\/wp-json\/wp\/v2\/media?parent=68272"}],"wp:term":[{"taxonomy":"product_cat","embeddable":true,"href":"https:\/\/szoltandfrog.com\/de\/wp-json\/wp\/v2\/product_cat?post=68272"},{"taxonomy":"product_tag","embeddable":true,"href":"https:\/\/szoltandfrog.com\/de\/wp-json\/wp\/v2\/product_tag?post=68272"}],"curies":[{"name":"wp","href":"https:\/\/api.w.org\/{rel}","templated":true}]}}