{"id":68258,"date":"2022-05-17T22:40:39","date_gmt":"2022-05-17T20:40:39","guid":{"rendered":"https:\/\/szoltandfrog.com\/shop\/unkategorisiert\/alpen-t-shirt\/"},"modified":"2024-05-17T16:23:49","modified_gmt":"2024-05-17T14:23:49","slug":"alpen-t-shirt","status":"publish","type":"product","link":"https:\/\/szoltandfrog.com\/de\/kleidung\/alpen-t-shirt\/","title":{"rendered":"Alpen-T-Shirt"},"content":{"rendered":"","protected":false},"excerpt":{"rendered":"<p><span style=\"color: #ff0000;\">F\u00fcr den Kauf unseres Alpen-T-Shirts werden 5 % Ihrer Zahlung gespendet an <u><br \/>\n  <a style=\"color: #ff0000;\" href=\"https:\/\/theoceancleanup.com\/\">Die Ozean-Reinigung<\/a><br \/>\n<\/u>eine gemeinn\u00fctzige Organisation, die sich f\u00fcr die Beseitigung von Plastik in den Weltmeeren einsetzt.<\/span><\/p>\n<p>Diesmal haben wir ein blaues T-Shirt aus 100% Bio-Baumwolle.<\/p>\n<p>100% Bio-Baumwolle 170 g und Taschen aus Stoffen aus aller Welt.<\/p>\n<p>Dieses Mal wollten wir unser Zeichen deutlicher denn je setzen und haben unser charakteristisches Zelt auf jede der Taschen gestickt.<\/p>\n<p>Unisex-Designs: Alles f\u00fcr jeden! Normale Passform; Pr\u00fcfen Sie Ihre Gr\u00f6\u00dfe mit unserer Gr\u00f6\u00dfentabelle hier!<\/p>\n<p>In Spanien entworfen und in unserem Nachbarland Portugal hergestellt!<\/p>\n","protected":false},"featured_media":80094,"template":"","meta":[],"product_cat":[5260],"product_tag":[5117,5119,5120,5118],"class_list":{"0":"post-68258","1":"product","2":"type-product","3":"status-publish","4":"has-post-thumbnail","6":"product_cat-nicht-kategorisiert","7":"product_tag-erwachsene","8":"product_tag-t-shirts","9":"product_tag-tasche","10":"product_tag-unisex-de","12":"first","13":"outofstock","14":"taxable","15":"shipping-taxable","16":"product-type-variable","17":"has-default-attributes","18":"wvs-archive-product-wrapper"},"_links":{"self":[{"href":"https:\/\/szoltandfrog.com\/de\/wp-json\/wp\/v2\/product\/68258","targetHints":{"allow":["GET"]}}],"collection":[{"href":"https:\/\/szoltandfrog.com\/de\/wp-json\/wp\/v2\/product"}],"about":[{"href":"https:\/\/szoltandfrog.com\/de\/wp-json\/wp\/v2\/types\/product"}],"version-history":[{"count":0,"href":"https:\/\/szoltandfrog.com\/de\/wp-json\/wp\/v2\/product\/68258\/revisions"}],"wp:featuredmedia":[{"embeddable":true,"href":"https:\/\/szoltandfrog.com\/de\/wp-json\/wp\/v2\/media\/80094"}],"wp:attachment":[{"href":"https:\/\/szoltandfrog.com\/de\/wp-json\/wp\/v2\/media?parent=68258"}],"wp:term":[{"taxonomy":"product_cat","embeddable":true,"href":"https:\/\/szoltandfrog.com\/de\/wp-json\/wp\/v2\/product_cat?post=68258"},{"taxonomy":"product_tag","embeddable":true,"href":"https:\/\/szoltandfrog.com\/de\/wp-json\/wp\/v2\/product_tag?post=68258"}],"curies":[{"name":"wp","href":"https:\/\/api.w.org\/{rel}","templated":true}]}}