{"id":68141,"date":"2023-03-22T02:43:39","date_gmt":"2023-03-22T01:43:39","guid":{"rendered":"https:\/\/szoltandfrog.com\/?product=kobe-t-shirt"},"modified":"2024-09-02T18:19:51","modified_gmt":"2024-09-02T16:19:51","slug":"kobe-t-shirt","status":"publish","type":"product","link":"https:\/\/szoltandfrog.com\/de\/kleidung\/kobe-t-shirt\/","title":{"rendered":"Kobe-T-Shirt"},"content":{"rendered":"","protected":false},"excerpt":{"rendered":"<p>Wir starten unsere Fr\u00fchjahr-Sommer-Kollektion 2023 mit einer Farbe, nach der Sie auf RRSS sehr gefragt haben.<\/p>\n<p>Ja!!! Wir haben hier das gr\u00fcne Kobe-T-Shirt aus 100% Bio-Baumwolle mit 170 g und mehrfarbiger geometrischer Tasche aus Ethno-Stoff, das sicher zu einem Basic in Ihrem Kleiderschrank wird.<\/p>\n<p>Wie auch bei den anderen neuen Modellen wollen wir unsere Marke sichtbarer denn je machen und Sie k\u00f6nnen unser Logo auf der Brusttasche aufgestickt sehen.<\/p>\n<p>Unisex-Design f\u00fcr Frauen und M\u00e4nner! Normale Passform; \u00dcberpr\u00fcfen Sie Ihre Gr\u00f6\u00dfe in der Anleitung, die wir vorbereitet haben, indem Sie <a href=\"https:\/\/szoltandfrog.com\/guia-de-tallas\/\">hier<\/a> klicken!<\/p>\n","protected":false},"featured_media":80130,"template":"","meta":[],"product_cat":[4945,5116,5134],"product_tag":[5117,5119,5120,5118],"class_list":{"0":"post-68141","1":"product","2":"type-product","3":"status-publish","4":"has-post-thumbnail","6":"product_cat-kleidung","7":"product_cat-t-shirts-mit-taschen","8":"product_cat-auslass","9":"product_tag-erwachsene","10":"product_tag-t-shirts","11":"product_tag-tasche","12":"product_tag-unisex-de","14":"first","15":"outofstock","16":"taxable","17":"shipping-taxable","18":"product-type-variable","19":"has-default-attributes","20":"wvs-archive-product-wrapper"},"_links":{"self":[{"href":"https:\/\/szoltandfrog.com\/de\/wp-json\/wp\/v2\/product\/68141","targetHints":{"allow":["GET"]}}],"collection":[{"href":"https:\/\/szoltandfrog.com\/de\/wp-json\/wp\/v2\/product"}],"about":[{"href":"https:\/\/szoltandfrog.com\/de\/wp-json\/wp\/v2\/types\/product"}],"version-history":[{"count":0,"href":"https:\/\/szoltandfrog.com\/de\/wp-json\/wp\/v2\/product\/68141\/revisions"}],"wp:featuredmedia":[{"embeddable":true,"href":"https:\/\/szoltandfrog.com\/de\/wp-json\/wp\/v2\/media\/80130"}],"wp:attachment":[{"href":"https:\/\/szoltandfrog.com\/de\/wp-json\/wp\/v2\/media?parent=68141"}],"wp:term":[{"taxonomy":"product_cat","embeddable":true,"href":"https:\/\/szoltandfrog.com\/de\/wp-json\/wp\/v2\/product_cat?post=68141"},{"taxonomy":"product_tag","embeddable":true,"href":"https:\/\/szoltandfrog.com\/de\/wp-json\/wp\/v2\/product_tag?post=68141"}],"curies":[{"name":"wp","href":"https:\/\/api.w.org\/{rel}","templated":true}]}}