{"id":68126,"date":"2023-09-04T17:25:33","date_gmt":"2023-09-04T15:25:33","guid":{"rendered":"https:\/\/szoltandfrog.com\/?product=sokos-sweatshirt"},"modified":"2024-11-20T10:19:23","modified_gmt":"2024-11-20T09:19:23","slug":"sokos-sweatshirt","status":"publish","type":"product","link":"https:\/\/szoltandfrog.com\/de\/kleidung\/sokos-sweatshirt\/","title":{"rendered":"Sokos Sweatshirt"},"content":{"rendered":"","protected":false},"excerpt":{"rendered":"<p>Wie im letzten Herbst beginnen wir unsere AW23-Saison der Kapuzenpullis mit Taschen, in diesem Fall mit unserem bahnbrechendsten Modell Sokos mit Rei\u00dfverschluss.In diesem Fall haben wir einen dunkelblauen Kapuzenpulli mit Rei\u00dfverschluss und geometrischer Tasche und Kapuze.Kombination aus hochwertiger Baumwolle (310 gr) und Taschen, die mit Stoffen aus der ganzen Welt hergestellt werden.Dieses Mal wollten wir unsere Marke deutlicher als je zuvor machen und haben unser charakteristisches Zelt auf jede der Taschen gestickt.Unisex-Designs: Alles f\u00fcr jeden! Pr\u00fcfen Sie Ihre Gr\u00f6\u00dfe mit unserer Gr\u00f6\u00dfentabelle <a href=\"https:\/\/szoltandfrog.com\/guia-de-tallas\/\">hier<\/a>!<\/p>\n","protected":false},"featured_media":80196,"template":"","meta":[],"product_cat":[4945,4967,5134],"product_tag":[5117,5126,5120,5118],"class_list":{"0":"post-68126","1":"product","2":"type-product","3":"status-publish","4":"has-post-thumbnail","6":"product_cat-kleidung","7":"product_cat-sweatshirts-de","8":"product_cat-auslass","9":"product_tag-erwachsene","10":"product_tag-sweatshirts-de","11":"product_tag-tasche","12":"product_tag-unisex-de","14":"first","15":"outofstock","16":"taxable","17":"shipping-taxable","18":"product-type-variable","19":"has-default-attributes","20":"wvs-archive-product-wrapper"},"_links":{"self":[{"href":"https:\/\/szoltandfrog.com\/de\/wp-json\/wp\/v2\/product\/68126","targetHints":{"allow":["GET"]}}],"collection":[{"href":"https:\/\/szoltandfrog.com\/de\/wp-json\/wp\/v2\/product"}],"about":[{"href":"https:\/\/szoltandfrog.com\/de\/wp-json\/wp\/v2\/types\/product"}],"version-history":[{"count":0,"href":"https:\/\/szoltandfrog.com\/de\/wp-json\/wp\/v2\/product\/68126\/revisions"}],"wp:featuredmedia":[{"embeddable":true,"href":"https:\/\/szoltandfrog.com\/de\/wp-json\/wp\/v2\/media\/80196"}],"wp:attachment":[{"href":"https:\/\/szoltandfrog.com\/de\/wp-json\/wp\/v2\/media?parent=68126"}],"wp:term":[{"taxonomy":"product_cat","embeddable":true,"href":"https:\/\/szoltandfrog.com\/de\/wp-json\/wp\/v2\/product_cat?post=68126"},{"taxonomy":"product_tag","embeddable":true,"href":"https:\/\/szoltandfrog.com\/de\/wp-json\/wp\/v2\/product_tag?post=68126"}],"curies":[{"name":"wp","href":"https:\/\/api.w.org\/{rel}","templated":true}]}}