{"id":68121,"date":"2023-08-01T12:41:25","date_gmt":"2023-08-01T10:41:25","guid":{"rendered":"https:\/\/szoltandfrog.com\/?product=bourez-ethnischer-ledergurtel"},"modified":"2024-12-19T17:57:13","modified_gmt":"2024-12-19T16:57:13","slug":"bourez-ethnischer-ledergurtel","status":"publish","type":"product","link":"https:\/\/szoltandfrog.com\/de\/gurtel-de\/bourez-ethnischer-ledergurtel\/","title":{"rendered":"Bourez Ethnischer Lederg\u00fcrtel"},"content":{"rendered":"","protected":false},"excerpt":{"rendered":"<p>Gr\u00fcner ethnischer Lederg\u00fcrtel f\u00fcr M\u00e4nner und Frauen, mit gestreiftem Stoff:<\/p>\n<p>&#8211; Besondere Stoffe aus aller Welt<br \/>\n&#8211; Handgefertigt in Spanien  <img decoding=\"async\" class=\"alignnone wp-image-12467\" src=\"https:\/\/szoltandfrog.com\/wp-content\/uploads\/2019\/06\/spanish-flah.jpg\" alt=\"\" width=\"20\" height=\"16\"><br \/>\n&#8211; 100% hochwertiges Leder<br \/>\n&#8211; Erh\u00e4ltlich in Gr\u00f6\u00dfe 85 (Hosengr\u00f6\u00dfe 38-40), Gr\u00f6\u00dfe 90 (Hosengr\u00f6\u00dfe 42-44) oder 95 (Hosengr\u00f6\u00dfe 46-48-50).<\/p>\n","protected":false},"featured_media":67725,"template":"","meta":[],"product_cat":[5082,5081,5134],"product_tag":[],"class_list":{"0":"post-68121","1":"product","2":"type-product","3":"status-publish","4":"has-post-thumbnail","6":"product_cat-erganzungen","7":"product_cat-gurtel-de","8":"product_cat-auslass","10":"first","11":"instock","12":"taxable","13":"shipping-taxable","14":"purchasable","15":"product-type-variable","16":"has-default-attributes","17":"wvs-archive-product-wrapper"},"_links":{"self":[{"href":"https:\/\/szoltandfrog.com\/de\/wp-json\/wp\/v2\/product\/68121","targetHints":{"allow":["GET"]}}],"collection":[{"href":"https:\/\/szoltandfrog.com\/de\/wp-json\/wp\/v2\/product"}],"about":[{"href":"https:\/\/szoltandfrog.com\/de\/wp-json\/wp\/v2\/types\/product"}],"version-history":[{"count":0,"href":"https:\/\/szoltandfrog.com\/de\/wp-json\/wp\/v2\/product\/68121\/revisions"}],"wp:featuredmedia":[{"embeddable":true,"href":"https:\/\/szoltandfrog.com\/de\/wp-json\/wp\/v2\/media\/67725"}],"wp:attachment":[{"href":"https:\/\/szoltandfrog.com\/de\/wp-json\/wp\/v2\/media?parent=68121"}],"wp:term":[{"taxonomy":"product_cat","embeddable":true,"href":"https:\/\/szoltandfrog.com\/de\/wp-json\/wp\/v2\/product_cat?post=68121"},{"taxonomy":"product_tag","embeddable":true,"href":"https:\/\/szoltandfrog.com\/de\/wp-json\/wp\/v2\/product_tag?post=68121"}],"curies":[{"name":"wp","href":"https:\/\/api.w.org\/{rel}","templated":true}]}}