{"id":68107,"date":"2023-03-22T02:31:21","date_gmt":"2023-03-22T01:31:21","guid":{"rendered":"https:\/\/szoltandfrog.com\/?product=merse-t-shirt"},"modified":"2024-08-23T13:45:04","modified_gmt":"2024-08-23T11:45:04","slug":"merse-t-shirt","status":"publish","type":"product","link":"https:\/\/szoltandfrog.com\/de\/kleidung\/merse-t-shirt\/","title":{"rendered":"Merse-T-Shirt"},"content":{"rendered":"","protected":false},"excerpt":{"rendered":"<p>Wir starten unsere Fr\u00fchjahr-Sommer-Kollektion 2023 mit einer Farbe, nach der Sie auf RRSS sehr gefragt haben.<\/p>\n<p>Ja!!! Wir haben hier das orangefarbene Merse T-Shirt aus 100 % Bio-Baumwolle mit 170 g und einer mehrfarbigen, geometrischen Tasche aus Ethno-Stoff, das mit Sicherheit zu einem Basic in Ihrem Kleiderschrank wird.<\/p>\n<p>Wie auch bei den anderen neuen Modellen wollen wir unsere Marke sichtbarer denn je machen und Sie k\u00f6nnen unser Logo auf der Brusttasche aufgestickt sehen.<\/p>\n<p>Unisex-Design f\u00fcr Frauen und M\u00e4nner! Normale Passform; \u00dcberpr\u00fcfen Sie Ihre Gr\u00f6\u00dfe in der Anleitung, die wir vorbereitet haben, indem Sie <a href=\"https:\/\/szoltandfrog.com\/guia-de-tallas\/\">hier<\/a> klicken!<\/p>\n","protected":false},"featured_media":80136,"template":"","meta":[],"product_cat":[5260],"product_tag":[5117,5119,5120,5118],"class_list":{"0":"post-68107","1":"product","2":"type-product","3":"status-publish","4":"has-post-thumbnail","6":"product_cat-nicht-kategorisiert","7":"product_tag-erwachsene","8":"product_tag-t-shirts","9":"product_tag-tasche","10":"product_tag-unisex-de","12":"first","13":"outofstock","14":"taxable","15":"shipping-taxable","16":"product-type-variable","17":"has-default-attributes","18":"wvs-archive-product-wrapper"},"_links":{"self":[{"href":"https:\/\/szoltandfrog.com\/de\/wp-json\/wp\/v2\/product\/68107","targetHints":{"allow":["GET"]}}],"collection":[{"href":"https:\/\/szoltandfrog.com\/de\/wp-json\/wp\/v2\/product"}],"about":[{"href":"https:\/\/szoltandfrog.com\/de\/wp-json\/wp\/v2\/types\/product"}],"version-history":[{"count":0,"href":"https:\/\/szoltandfrog.com\/de\/wp-json\/wp\/v2\/product\/68107\/revisions"}],"wp:featuredmedia":[{"embeddable":true,"href":"https:\/\/szoltandfrog.com\/de\/wp-json\/wp\/v2\/media\/80136"}],"wp:attachment":[{"href":"https:\/\/szoltandfrog.com\/de\/wp-json\/wp\/v2\/media?parent=68107"}],"wp:term":[{"taxonomy":"product_cat","embeddable":true,"href":"https:\/\/szoltandfrog.com\/de\/wp-json\/wp\/v2\/product_cat?post=68107"},{"taxonomy":"product_tag","embeddable":true,"href":"https:\/\/szoltandfrog.com\/de\/wp-json\/wp\/v2\/product_tag?post=68107"}],"curies":[{"name":"wp","href":"https:\/\/api.w.org\/{rel}","templated":true}]}}