{"id":68083,"date":"2023-03-23T01:13:33","date_gmt":"2023-03-23T00:13:32","guid":{"rendered":"https:\/\/szoltandfrog.com\/?product=poipu-pol"},"modified":"2024-10-14T15:52:36","modified_gmt":"2024-10-14T13:52:36","slug":"poipu-pol","status":"publish","type":"product","link":"https:\/\/szoltandfrog.com\/de\/kleidung\/pole\/poipu-pol\/","title":{"rendered":"Poipu-Pol"},"content":{"rendered":"","protected":false},"excerpt":{"rendered":"<p>Wir haben mit T-Shirts angefangen, dann mit Sweatshirts und jetzt bringen wir eine Kollektion von Poloshirts mit Taschen auf den Markt.<\/p>\n<p>In diesem Fall handelt es sich um ein graues Poloshirt mit einer geometrischen Tasche.<\/p>\n<p>Piqu\u00e9-Stoff aus 100% Bio-Baumwolle mit Taschen aus ethnischen Stoffen aus aller Welt<\/p>\n<p>Diesmal wollten wir unsere Marke deutlicher denn je machen und haben unser charakteristisches Zelt in jede der Taschen gestickt.<\/p>\n<p>Unisex-Designs: Alles f\u00fcr jeden! \u00dcberpr\u00fcfen Sie Ihre Gr\u00f6\u00dfe anhand der Ma\u00dfe auf dem Bild!<\/p>\n","protected":false},"featured_media":66999,"template":"","meta":[],"product_cat":[4945,5020],"product_tag":[],"class_list":{"0":"post-68083","1":"product","2":"type-product","3":"status-publish","4":"has-post-thumbnail","6":"product_cat-kleidung","7":"product_cat-pole","9":"first","10":"instock","11":"taxable","12":"shipping-taxable","13":"purchasable","14":"product-type-variable","15":"wvs-archive-product-wrapper"},"_links":{"self":[{"href":"https:\/\/szoltandfrog.com\/de\/wp-json\/wp\/v2\/product\/68083","targetHints":{"allow":["GET"]}}],"collection":[{"href":"https:\/\/szoltandfrog.com\/de\/wp-json\/wp\/v2\/product"}],"about":[{"href":"https:\/\/szoltandfrog.com\/de\/wp-json\/wp\/v2\/types\/product"}],"version-history":[{"count":0,"href":"https:\/\/szoltandfrog.com\/de\/wp-json\/wp\/v2\/product\/68083\/revisions"}],"wp:featuredmedia":[{"embeddable":true,"href":"https:\/\/szoltandfrog.com\/de\/wp-json\/wp\/v2\/media\/66999"}],"wp:attachment":[{"href":"https:\/\/szoltandfrog.com\/de\/wp-json\/wp\/v2\/media?parent=68083"}],"wp:term":[{"taxonomy":"product_cat","embeddable":true,"href":"https:\/\/szoltandfrog.com\/de\/wp-json\/wp\/v2\/product_cat?post=68083"},{"taxonomy":"product_tag","embeddable":true,"href":"https:\/\/szoltandfrog.com\/de\/wp-json\/wp\/v2\/product_tag?post=68083"}],"curies":[{"name":"wp","href":"https:\/\/api.w.org\/{rel}","templated":true}]}}