{"id":68071,"date":"2023-03-23T01:21:15","date_gmt":"2023-03-23T00:21:15","guid":{"rendered":"https:\/\/szoltandfrog.com\/?product=kailua-polo"},"modified":"2024-08-23T13:45:05","modified_gmt":"2024-08-23T11:45:05","slug":"kailua-polo","status":"publish","type":"product","link":"https:\/\/szoltandfrog.com\/de\/kleidung\/pole\/kailua-polo\/","title":{"rendered":"Kailua Polo"},"content":{"rendered":"","protected":false},"excerpt":{"rendered":"<p>Wir haben mit T-Shirts angefangen, dann mit Sweatshirts und jetzt bringen wir unsere Taschenpoloshirt-Kollektion auf den Markt.<\/p>\n<p>In diesem Fall handelt es sich um ein blaues Poloshirt mit einer geometrischen Tasche.<\/p>\n<p>Piqu\u00e9-Gewebe mit 100% Bio-Baumwolle und Taschen, die mit Stoffen aus aller Welt hergestellt werden.<\/p>\n<p>Dieses Mal wollten wir unser Zeichen deutlicher denn je setzen und haben unser charakteristisches Zelt auf jede der Taschen gestickt.<\/p>\n<p>Unisex-Designs: Alles f\u00fcr jeden! \u00dcberpr\u00fcfen Sie Ihre Gr\u00f6\u00dfe anhand der Ma\u00dfe auf dem Bild!<\/p>\n","protected":false},"featured_media":66978,"template":"","meta":[],"product_cat":[4945,5020],"product_tag":[],"class_list":{"0":"post-68071","1":"product","2":"type-product","3":"status-publish","4":"has-post-thumbnail","6":"product_cat-kleidung","7":"product_cat-pole","9":"first","10":"instock","11":"taxable","12":"shipping-taxable","13":"purchasable","14":"product-type-variable","15":"wvs-archive-product-wrapper"},"_links":{"self":[{"href":"https:\/\/szoltandfrog.com\/de\/wp-json\/wp\/v2\/product\/68071","targetHints":{"allow":["GET"]}}],"collection":[{"href":"https:\/\/szoltandfrog.com\/de\/wp-json\/wp\/v2\/product"}],"about":[{"href":"https:\/\/szoltandfrog.com\/de\/wp-json\/wp\/v2\/types\/product"}],"version-history":[{"count":0,"href":"https:\/\/szoltandfrog.com\/de\/wp-json\/wp\/v2\/product\/68071\/revisions"}],"wp:featuredmedia":[{"embeddable":true,"href":"https:\/\/szoltandfrog.com\/de\/wp-json\/wp\/v2\/media\/66978"}],"wp:attachment":[{"href":"https:\/\/szoltandfrog.com\/de\/wp-json\/wp\/v2\/media?parent=68071"}],"wp:term":[{"taxonomy":"product_cat","embeddable":true,"href":"https:\/\/szoltandfrog.com\/de\/wp-json\/wp\/v2\/product_cat?post=68071"},{"taxonomy":"product_tag","embeddable":true,"href":"https:\/\/szoltandfrog.com\/de\/wp-json\/wp\/v2\/product_tag?post=68071"}],"curies":[{"name":"wp","href":"https:\/\/api.w.org\/{rel}","templated":true}]}}