{"id":68063,"date":"2023-09-04T16:46:13","date_gmt":"2023-09-04T14:46:13","guid":{"rendered":"https:\/\/szoltandfrog.com\/?product=ramia-sweatshirt"},"modified":"2026-03-29T18:51:17","modified_gmt":"2026-03-29T16:51:17","slug":"ramia-sweatshirt","status":"publish","type":"product","link":"https:\/\/szoltandfrog.com\/de\/kleidung\/sweatshirts-de\/ramia-sweatshirt\/","title":{"rendered":"Ramia Sweatshirt"},"content":{"rendered":"","protected":false},"excerpt":{"rendered":"<p>Wie schon im letzten Herbst beginnen wir unsere AW23-Saison mit Kapuzenpullis mit Taschen.In diesem Fall haben wir einen grauen Kapuzenpulli mit geometrischer Tasche und Kapuze.Kombination aus 100% Bio-Baumwolle in Premium-Qualit\u00e4t (310 gr) und Taschen, die mit Stoffen aus der ganzen Welt hergestellt wurden.Dieses Mal wollten wir unsere Marke deutlicher als je zuvor machen und haben unser charakteristisches Zelt auf jede der Taschen gestickt.Unisex-Designs: Alles f\u00fcr jeden! Pr\u00fcfen Sie Ihre Gr\u00f6\u00dfe mit unserer Gr\u00f6\u00dfentabelle <a href=\"https:\/\/szoltandfrog.com\/guia-de-tallas\/\">hier<\/a>!<\/p>\n","protected":false},"featured_media":80076,"template":"","meta":[],"product_cat":[4945,4967],"product_tag":[5117,5126,5120,5118],"class_list":{"0":"post-68063","1":"product","2":"type-product","3":"status-publish","4":"has-post-thumbnail","6":"product_cat-kleidung","7":"product_cat-sweatshirts-de","8":"product_tag-erwachsene","9":"product_tag-sweatshirts-de","10":"product_tag-tasche","11":"product_tag-unisex-de","13":"first","14":"instock","15":"featured","16":"taxable","17":"shipping-taxable","18":"purchasable","19":"product-type-variable","20":"has-default-attributes","21":"wvs-archive-product-wrapper"},"_links":{"self":[{"href":"https:\/\/szoltandfrog.com\/de\/wp-json\/wp\/v2\/product\/68063","targetHints":{"allow":["GET"]}}],"collection":[{"href":"https:\/\/szoltandfrog.com\/de\/wp-json\/wp\/v2\/product"}],"about":[{"href":"https:\/\/szoltandfrog.com\/de\/wp-json\/wp\/v2\/types\/product"}],"version-history":[{"count":0,"href":"https:\/\/szoltandfrog.com\/de\/wp-json\/wp\/v2\/product\/68063\/revisions"}],"wp:featuredmedia":[{"embeddable":true,"href":"https:\/\/szoltandfrog.com\/de\/wp-json\/wp\/v2\/media\/80076"}],"wp:attachment":[{"href":"https:\/\/szoltandfrog.com\/de\/wp-json\/wp\/v2\/media?parent=68063"}],"wp:term":[{"taxonomy":"product_cat","embeddable":true,"href":"https:\/\/szoltandfrog.com\/de\/wp-json\/wp\/v2\/product_cat?post=68063"},{"taxonomy":"product_tag","embeddable":true,"href":"https:\/\/szoltandfrog.com\/de\/wp-json\/wp\/v2\/product_tag?post=68063"}],"curies":[{"name":"wp","href":"https:\/\/api.w.org\/{rel}","templated":true}]}}