{"id":68060,"date":"2023-09-04T16:40:40","date_gmt":"2023-09-04T14:40:40","guid":{"rendered":"https:\/\/szoltandfrog.com\/?product=rigi-sweatshirt"},"modified":"2025-01-21T10:04:06","modified_gmt":"2025-01-21T09:04:06","slug":"rigi-sweatshirt","status":"publish","type":"product","link":"https:\/\/szoltandfrog.com\/de\/kleidung\/rigi-sweatshirt\/","title":{"rendered":"Rigi Sweatshirt"},"content":{"rendered":"","protected":false},"excerpt":{"rendered":"<p>Wie im letzten Herbst starten wir auch in der AW23-Saison mit Taschen-Sweatshirts.<\/p>\n<p>In diesem Fall haben wir ein rosa Sweatshirt mit einer geometrischen Tasche.<\/p>\n<p>Kombination aus 100% Bio-Baumwolle (310 gr) und Taschen, die mit Stoffen aus aller Welt hergestellt werden.<\/p>\n<p>Dieses Mal wollten wir unser Zeichen deutlicher denn je setzen und haben unser charakteristisches Zelt auf jede der Taschen gestickt.<\/p>\n<p>Unisex-Designs: Alles f\u00fcr jeden! Pr\u00fcfen Sie Ihre Gr\u00f6\u00dfe mit unserer Gr\u00f6\u00dfentabelle <a href=\"https:\/\/szoltandfrog.com\/guia-de-tallas\/\">hier<\/a>!<\/p>\n","protected":false},"featured_media":80082,"template":"","meta":[],"product_cat":[4945,4967],"product_tag":[5117,5126,5120,5118],"class_list":{"0":"post-68060","1":"product","2":"type-product","3":"status-publish","4":"has-post-thumbnail","6":"product_cat-kleidung","7":"product_cat-sweatshirts-de","8":"product_tag-erwachsene","9":"product_tag-sweatshirts-de","10":"product_tag-tasche","11":"product_tag-unisex-de","13":"first","14":"instock","15":"featured","16":"taxable","17":"shipping-taxable","18":"purchasable","19":"product-type-variable","20":"has-default-attributes","21":"wvs-archive-product-wrapper"},"_links":{"self":[{"href":"https:\/\/szoltandfrog.com\/de\/wp-json\/wp\/v2\/product\/68060","targetHints":{"allow":["GET"]}}],"collection":[{"href":"https:\/\/szoltandfrog.com\/de\/wp-json\/wp\/v2\/product"}],"about":[{"href":"https:\/\/szoltandfrog.com\/de\/wp-json\/wp\/v2\/types\/product"}],"version-history":[{"count":0,"href":"https:\/\/szoltandfrog.com\/de\/wp-json\/wp\/v2\/product\/68060\/revisions"}],"wp:featuredmedia":[{"embeddable":true,"href":"https:\/\/szoltandfrog.com\/de\/wp-json\/wp\/v2\/media\/80082"}],"wp:attachment":[{"href":"https:\/\/szoltandfrog.com\/de\/wp-json\/wp\/v2\/media?parent=68060"}],"wp:term":[{"taxonomy":"product_cat","embeddable":true,"href":"https:\/\/szoltandfrog.com\/de\/wp-json\/wp\/v2\/product_cat?post=68060"},{"taxonomy":"product_tag","embeddable":true,"href":"https:\/\/szoltandfrog.com\/de\/wp-json\/wp\/v2\/product_tag?post=68060"}],"curies":[{"name":"wp","href":"https:\/\/api.w.org\/{rel}","templated":true}]}}