{"id":68021,"date":"2023-09-27T14:22:26","date_gmt":"2023-09-27T12:22:26","guid":{"rendered":"https:\/\/szoltandfrog.com\/?product=giulia-sweatshirt"},"modified":"2026-02-27T14:56:57","modified_gmt":"2026-02-27T13:56:57","slug":"giulia-sweatshirt","status":"publish","type":"product","link":"https:\/\/szoltandfrog.com\/de\/kleidung\/giulia-sweatshirt\/","title":{"rendered":"Giulia Sweatshirt"},"content":{"rendered":"","protected":false},"excerpt":{"rendered":"<p>Wie schon im letzten Herbst beginnen wir unsere AW23-Saison mit Sweatshirts mit Taschen, in diesem Fall in dunkelblauer Ausf\u00fchrung mit geometrischer Tasche, einer Kombination aus 100% Bio-Baumwolle (310 g) und Taschen, die mit Stoffen aus aller Welt hergestellt werden, um unsere Marke noch deutlicher zu machen, haben wir unser charakteristisches Zelt auf jede Tasche gestickt. Pr\u00fcfen Sie Ihre Gr\u00f6\u00dfe mit unserer Gr\u00f6\u00dfentabelle hier!<\/p>\n","protected":false},"featured_media":80040,"template":"","meta":[],"product_cat":[4945,4967],"product_tag":[5117,5126,5118],"class_list":{"0":"post-68021","1":"product","2":"type-product","3":"status-publish","4":"has-post-thumbnail","6":"product_cat-kleidung","7":"product_cat-sweatshirts-de","8":"product_tag-erwachsene","9":"product_tag-sweatshirts-de","10":"product_tag-unisex-de","12":"first","13":"instock","14":"featured","15":"taxable","16":"shipping-taxable","17":"purchasable","18":"product-type-variable","19":"has-default-attributes","20":"wvs-archive-product-wrapper"},"_links":{"self":[{"href":"https:\/\/szoltandfrog.com\/de\/wp-json\/wp\/v2\/product\/68021","targetHints":{"allow":["GET"]}}],"collection":[{"href":"https:\/\/szoltandfrog.com\/de\/wp-json\/wp\/v2\/product"}],"about":[{"href":"https:\/\/szoltandfrog.com\/de\/wp-json\/wp\/v2\/types\/product"}],"version-history":[{"count":0,"href":"https:\/\/szoltandfrog.com\/de\/wp-json\/wp\/v2\/product\/68021\/revisions"}],"wp:featuredmedia":[{"embeddable":true,"href":"https:\/\/szoltandfrog.com\/de\/wp-json\/wp\/v2\/media\/80040"}],"wp:attachment":[{"href":"https:\/\/szoltandfrog.com\/de\/wp-json\/wp\/v2\/media?parent=68021"}],"wp:term":[{"taxonomy":"product_cat","embeddable":true,"href":"https:\/\/szoltandfrog.com\/de\/wp-json\/wp\/v2\/product_cat?post=68021"},{"taxonomy":"product_tag","embeddable":true,"href":"https:\/\/szoltandfrog.com\/de\/wp-json\/wp\/v2\/product_tag?post=68021"}],"curies":[{"name":"wp","href":"https:\/\/api.w.org\/{rel}","templated":true}]}}