{"id":68013,"date":"2023-09-04T17:43:56","date_gmt":"2023-09-04T15:43:56","guid":{"rendered":"https:\/\/szoltandfrog.com\/?product=sweatshirt-kamp"},"modified":"2024-10-31T09:15:05","modified_gmt":"2024-10-31T08:15:05","slug":"sweatshirt-kamp","status":"publish","type":"product","link":"https:\/\/szoltandfrog.com\/de\/kleidung\/sweatshirt-kamp\/","title":{"rendered":"Sweatshirt Kamp"},"content":{"rendered":"","protected":false},"excerpt":{"rendered":"<p>Wie im letzten Herbst starten wir unsere AW23-Saison der Taschen-Sweatshirts.In diesem Fall haben wir ein wei\u00dfes Sweatshirt mit geometrischer Tasche.Kombination aus hochwertiger Baumwolle (310 gr) und Taschen, die mit Stoffen aus der ganzen Welt hergestellt werden.Dieses Mal wollten wir unsere Marke deutlicher denn je machen und haben unser charakteristisches Zelt auf jede der Taschen gestickt.Unisex-Designs: Alles f\u00fcr jeden! Pr\u00fcfen Sie Ihre Gr\u00f6\u00dfe mit unserer Gr\u00f6\u00dfentabelle <a href=\"https:\/\/szoltandfrog.com\/guia-de-tallas\/\">hier<\/a>!<\/p>\n","protected":false},"featured_media":80184,"template":"","meta":[],"product_cat":[4945,4967],"product_tag":[5117,5126,5120,5118],"class_list":{"0":"post-68013","1":"product","2":"type-product","3":"status-publish","4":"has-post-thumbnail","6":"product_cat-kleidung","7":"product_cat-sweatshirts-de","8":"product_tag-erwachsene","9":"product_tag-sweatshirts-de","10":"product_tag-tasche","11":"product_tag-unisex-de","13":"first","14":"instock","15":"taxable","16":"shipping-taxable","17":"purchasable","18":"product-type-variable","19":"has-default-attributes","20":"wvs-archive-product-wrapper"},"_links":{"self":[{"href":"https:\/\/szoltandfrog.com\/de\/wp-json\/wp\/v2\/product\/68013","targetHints":{"allow":["GET"]}}],"collection":[{"href":"https:\/\/szoltandfrog.com\/de\/wp-json\/wp\/v2\/product"}],"about":[{"href":"https:\/\/szoltandfrog.com\/de\/wp-json\/wp\/v2\/types\/product"}],"version-history":[{"count":0,"href":"https:\/\/szoltandfrog.com\/de\/wp-json\/wp\/v2\/product\/68013\/revisions"}],"wp:featuredmedia":[{"embeddable":true,"href":"https:\/\/szoltandfrog.com\/de\/wp-json\/wp\/v2\/media\/80184"}],"wp:attachment":[{"href":"https:\/\/szoltandfrog.com\/de\/wp-json\/wp\/v2\/media?parent=68013"}],"wp:term":[{"taxonomy":"product_cat","embeddable":true,"href":"https:\/\/szoltandfrog.com\/de\/wp-json\/wp\/v2\/product_cat?post=68013"},{"taxonomy":"product_tag","embeddable":true,"href":"https:\/\/szoltandfrog.com\/de\/wp-json\/wp\/v2\/product_tag?post=68013"}],"curies":[{"name":"wp","href":"https:\/\/api.w.org\/{rel}","templated":true}]}}