{"id":68007,"date":"2024-01-03T17:17:59","date_gmt":"2024-01-03T16:17:59","guid":{"rendered":"https:\/\/szoltandfrog.com\/?product=ruderer-socken-womens"},"modified":"2024-01-31T12:45:29","modified_gmt":"2024-01-31T11:45:29","slug":"ruderer-socken-womens","status":"publish","type":"product","link":"https:\/\/szoltandfrog.com\/de\/erganzungen\/socken\/ruderer-socken-womens\/","title":{"rendered":"Ruderer Socken &#8211; Women&#8217;s"},"content":{"rendered":"","protected":false},"excerpt":{"rendered":"<p>Gr\u00f6\u00dfen 36-39Freudige Socken mit originellem und modernem Design, mit dem Sz\u00f6lt&amp;Frog-Siegel.in Spanien entworfen und von unseren Nachbarn in Portugal hergestellt.diesmal haben wir gelbe Rudersocken f\u00fcr Frauen.fangen Sie an, mit Ihren F\u00fc\u00dfen einen Trend zu kreieren&#8230;- Wadensocken- Made in Portugal- 80% Baumwolle, 18% Polyamid, 2% Elasthan<\/p>\n","protected":false},"featured_media":58467,"template":"","meta":[],"product_cat":[4944,4945,5134],"product_tag":[],"class_list":{"0":"post-68007","1":"product","2":"type-product","3":"status-publish","4":"has-post-thumbnail","6":"product_cat-socken","7":"product_cat-kleidung","8":"product_cat-auslass","10":"first","11":"instock","12":"taxable","13":"shipping-taxable","14":"purchasable","15":"product-type-simple"},"_links":{"self":[{"href":"https:\/\/szoltandfrog.com\/de\/wp-json\/wp\/v2\/product\/68007","targetHints":{"allow":["GET"]}}],"collection":[{"href":"https:\/\/szoltandfrog.com\/de\/wp-json\/wp\/v2\/product"}],"about":[{"href":"https:\/\/szoltandfrog.com\/de\/wp-json\/wp\/v2\/types\/product"}],"version-history":[{"count":0,"href":"https:\/\/szoltandfrog.com\/de\/wp-json\/wp\/v2\/product\/68007\/revisions"}],"wp:featuredmedia":[{"embeddable":true,"href":"https:\/\/szoltandfrog.com\/de\/wp-json\/wp\/v2\/media\/58467"}],"wp:attachment":[{"href":"https:\/\/szoltandfrog.com\/de\/wp-json\/wp\/v2\/media?parent=68007"}],"wp:term":[{"taxonomy":"product_cat","embeddable":true,"href":"https:\/\/szoltandfrog.com\/de\/wp-json\/wp\/v2\/product_cat?post=68007"},{"taxonomy":"product_tag","embeddable":true,"href":"https:\/\/szoltandfrog.com\/de\/wp-json\/wp\/v2\/product_tag?post=68007"}],"curies":[{"name":"wp","href":"https:\/\/api.w.org\/{rel}","templated":true}]}}